{"id":2274,"date":"2015-03-16T17:34:01","date_gmt":"2015-03-16T16:34:01","guid":{"rendered":"http:\/\/www.gebrauchstext.de\/es\/?page_id=2274"},"modified":"2015-08-31T13:57:09","modified_gmt":"2015-08-31T11:57:09","slug":"aviso-legal","status":"publish","type":"page","link":"https:\/\/www.gebrauchstext.de\/es\/aviso-legal\/","title":{"rendered":"Aviso legal"},"content":{"rendered":"<h1>Legal notice<\/h1>\n<div class=\"cols-wrapper cols-2\">\n<div class=\"col\">\n<p>Responsable del contenido de este sitio web conforme al art.10 p\u00e1rr. 3 MDStV:<br \/>\nRainer Remmel<br \/>\nWolliner Stra\u00dfe 11<br \/>\n10435 Berlin, Alemania<br \/>\nTel\u00e9fono: +49-30-28 85 34 06<br \/>\nNIF internacional: DE246673171<\/p>\n<\/div>\n<div class=\"col nomargin\">\n<p>No nos responsabilizamos del contenido de enlaces externos. Del contenido de los enlaces que se presentan en este sitio web y de las p\u00e1ginas que tengan enlaces a gebrauchstext.de y a todos los dem\u00e1s dominios registrados por Rainer Remmel solo ser\u00e1 responsable el operador de las mismas.<\/p>\n<p><strong>Dise\u00f1o e implementaci\u00f3n t\u00e9cnica:<\/strong><br \/>\nZorro Media \/ <a href=\"http:\/\/www.zorromedia.de\" target=\"_blank\">www.zorromedia.de<\/a><\/p>\n<\/div>\n<\/div>\n","protected":false},"excerpt":{"rendered":"<p>Legal notice Responsable del contenido de este sitio web conforme al art.10 p\u00e1rr. 3 MDStV: Rainer Remmel Wolliner Stra\u00dfe 11 [&hellip;]<\/p>\n","protected":false},"author":1,"featured_media":0,"parent":0,"menu_order":0,"comment_status":"open","ping_status":"open","template":"template-full-custom.php","meta":[],"_links":{"self":[{"href":"https:\/\/www.gebrauchstext.de\/es\/wp-json\/wp\/v2\/pages\/2274"}],"collection":[{"href":"https:\/\/www.gebrauchstext.de\/es\/wp-json\/wp\/v2\/pages"}],"about":[{"href":"https:\/\/www.gebrauchstext.de\/es\/wp-json\/wp\/v2\/types\/page"}],"author":[{"embeddable":true,"href":"https:\/\/www.gebrauchstext.de\/es\/wp-json\/wp\/v2\/users\/1"}],"replies":[{"embeddable":true,"href":"https:\/\/www.gebrauchstext.de\/es\/wp-json\/wp\/v2\/comments?post=2274"}],"version-history":[{"count":18,"href":"https:\/\/www.gebrauchstext.de\/es\/wp-json\/wp\/v2\/pages\/2274\/revisions"}],"predecessor-version":[{"id":2916,"href":"https:\/\/www.gebrauchstext.de\/es\/wp-json\/wp\/v2\/pages\/2274\/revisions\/2916"}],"wp:attachment":[{"href":"https:\/\/www.gebrauchstext.de\/es\/wp-json\/wp\/v2\/media?parent=2274"}],"curies":[{"name":"wp","href":"https:\/\/api.w.org\/{rel}","templated":true}]}}