{"id":2631,"date":"2015-04-09T13:08:45","date_gmt":"2015-04-09T11:08:45","guid":{"rendered":"http:\/\/www.gebrauchstext.de\/es\/?page_id=2631"},"modified":"2023-02-01T16:32:55","modified_gmt":"2023-02-01T15:32:55","slug":"referencias","status":"publish","type":"page","link":"https:\/\/www.gebrauchstext.de\/es\/referencias\/","title":{"rendered":"Referencias"},"content":{"rendered":"<h1>A estos clientes nuestros textos les han sido muy \u00fatiles<\/h1>\n<p>Una peque\u00f1a selecci\u00f3n de las empresas que ya est\u00e1n satisfechas con nuestros servicios.<br \/>\nHay muchos ejemplos que no podemos mostrar aqu\u00ed por discrecci\u00f3n.<br \/>\n<div class=\"gca-utility vertical-spacer\"><\/div>\n<div class=\"gca-column one-third first\"><h4>Agora Energiewende<\/h4>\n<p>Berlin<br \/><\/div>\n<div class=\"gca-column two-thirds\"><strong>Iniciativa para el logro de la transici\u00f3n energ\u00e9tica<\/strong><br \/>\nTraducci\u00f3n de distintos estudios cient\u00edficos<br \/>\n<a href=\"http:\/\/www.agora-energiewende.de\/\" target=\"_blank\" rel=\"noopener\">www.agora-energiewende.de<\/a><br \/><\/div>\n<div class=\"gca-utility vertical-spacer\"><\/div>\n<div class=\"gca-column one-third first\"><h4>Air Berlin PLC &amp;Co Luftverkehrs KG<\/h4>\n<p>Berlin<br \/><\/div>\n<div class=\"gca-column two-thirds\"><strong>Compa\u00f1\u00eda a\u00e9rea<\/strong><br \/>\nTraducci\u00f3n de campa\u00f1as publicitarias, noruego y sueco<br \/><\/div>\n<div class=\"gca-utility vertical-spacer\"><\/div>\n<div class=\"gca-column one-third first\"><h4>Antenna International<\/h4>\n<p>Berlin<br \/><\/div>\n<div class=\"gca-column two-thirds\"><strong>Gu\u00edas auditivas y multimedia<\/strong><br \/>\nAAdaptaciones de gu\u00edas auditivas para museos (audiogu\u00edas)<br \/><\/div>\n<div class=\"gca-utility vertical-spacer\"><\/div>\n<div class=\"gca-column one-third first\"><h4>Berlin Verlag<\/h4>\n<p>Berlin<br \/><\/div>\n<div class=\"gca-column two-thirds\"><strong>Editorial literaria<\/strong><br \/>\nAdaptaci\u00f3n y versi\u00f3n sonora de publicidad en internet<br \/>\n<a href=\"http:\/\/www.berlinverlag.de\/\" target=\"_blank\" rel=\"noopener\">www.berlinverlag.de<\/a><\/p>\n<div class=\"cols-wrapper cols-2\">\n<div class=\"col\"><a class=\"lightbox-image\" href=\"https:\/\/www.gebrauchstext.de\/es\/wp-content\/uploads\/2015\/04\/BerlinVerlag1a.jpg\" data-rel=\"lightbox\"><img decoding=\"async\" loading=\"lazy\" class=\"alignnone wp-image-2758 size-medium\" src=\"https:\/\/www.gebrauchstext.de\/es\/wp-content\/uploads\/2015\/04\/BerlinVerlag1a-300x155.jpg\" alt=\"\" width=\"300\" height=\"155\" srcset=\"https:\/\/www.gebrauchstext.de\/es\/wp-content\/uploads\/2015\/04\/BerlinVerlag1a-300x155.jpg 300w, https:\/\/www.gebrauchstext.de\/es\/wp-content\/uploads\/2015\/04\/BerlinVerlag1a-1024x530.jpg 1024w, https:\/\/www.gebrauchstext.de\/es\/wp-content\/uploads\/2015\/04\/BerlinVerlag1a.jpg 1787w\" sizes=\"(max-width: 300px) 100vw, 300px\" \/><\/a><\/div>\n<div class=\"col nomargin\"><a class=\"lightbox-image\" href=\"https:\/\/www.gebrauchstext.de\/es\/wp-content\/uploads\/2015\/04\/BerlinVerlag1b.jpg\" data-rel=\"lightbox\"><img decoding=\"async\" loading=\"lazy\" class=\"alignnone wp-image-2759 size-medium\" src=\"https:\/\/www.gebrauchstext.de\/es\/wp-content\/uploads\/2015\/04\/BerlinVerlag1b-300x159.jpg\" alt=\"\" width=\"300\" height=\"159\" srcset=\"https:\/\/www.gebrauchstext.de\/es\/wp-content\/uploads\/2015\/04\/BerlinVerlag1b-300x159.jpg 300w, https:\/\/www.gebrauchstext.de\/es\/wp-content\/uploads\/2015\/04\/BerlinVerlag1b-1024x542.jpg 1024w, https:\/\/www.gebrauchstext.de\/es\/wp-content\/uploads\/2015\/04\/BerlinVerlag1b.jpg 1737w\" sizes=\"(max-width: 300px) 100vw, 300px\" \/><\/a><\/div>\n<\/div>\n<div class=\"cols-wrapper cols-2\">\n<div class=\"col\"><a href=\"https:\/\/www.gebrauchstext.de\/es\/wp-content\/uploads\/2015\/04\/BerlinVerlag2a.jpg\" data-rel=\"lightbox\"><img decoding=\"async\" loading=\"lazy\" class=\"alignnone wp-image-2760 size-medium\" src=\"https:\/\/www.gebrauchstext.de\/es\/wp-content\/uploads\/2015\/04\/BerlinVerlag2a-300x155.jpg\" alt=\"\" width=\"300\" height=\"155\" srcset=\"https:\/\/www.gebrauchstext.de\/es\/wp-content\/uploads\/2015\/04\/BerlinVerlag2a-300x155.jpg 300w, https:\/\/www.gebrauchstext.de\/es\/wp-content\/uploads\/2015\/04\/BerlinVerlag2a-1024x530.jpg 1024w, https:\/\/www.gebrauchstext.de\/es\/wp-content\/uploads\/2015\/04\/BerlinVerlag2a.jpg 1779w\" sizes=\"(max-width: 300px) 100vw, 300px\" \/><\/a><\/div>\n<div class=\"col nomargin\"><a href=\"https:\/\/www.gebrauchstext.de\/es\/wp-content\/uploads\/2015\/04\/BerlinVerlag2b.jpg\" data-rel=\"lightbox\"><img decoding=\"async\" loading=\"lazy\" class=\"alignnone wp-image-2761 size-medium\" src=\"https:\/\/www.gebrauchstext.de\/es\/wp-content\/uploads\/2015\/04\/BerlinVerlag2b-300x154.jpg\" alt=\"\" width=\"300\" height=\"154\" srcset=\"https:\/\/www.gebrauchstext.de\/es\/wp-content\/uploads\/2015\/04\/BerlinVerlag2b-300x154.jpg 300w, https:\/\/www.gebrauchstext.de\/es\/wp-content\/uploads\/2015\/04\/BerlinVerlag2b-1024x527.jpg 1024w, https:\/\/www.gebrauchstext.de\/es\/wp-content\/uploads\/2015\/04\/BerlinVerlag2b.jpg 1767w\" sizes=\"(max-width: 300px) 100vw, 300px\" \/><\/a><\/div>\n<\/div><\/div>\n<div class=\"gca-utility vertical-spacer\"><\/div>\n<div class=\"gca-column one-third first\"><h4>BMW Mini Space<\/h4>\n<p>M\u00fanich<br \/><\/div>\n<div class=\"gca-column two-thirds\"><strong>Club en internet para propietarios y fan\u00e1ticos del nuevo Mini<\/strong><br \/>\nTraducciones para el sitio web, en cuatro idiomas<br \/><\/div>\n<div class=\"gca-utility vertical-spacer\"><\/div>\n<div class=\"gca-column one-third first\"><h4>Cantine Delb\u00f2, Castel San Giovanni, Emilia-Romagna<\/h4>\n<p>Italia<br \/><\/div>\n<div class=\"gca-column two-thirds\"><strong>Explotaci\u00f3n vin\u00edcola<\/strong><br \/>\nAdaptaci\u00f3n del sitio web<\/p>\n<div class=\"cols-wrapper cols-2\">\n<div class=\"col\"><a href=\"https:\/\/www.gebrauchstext.de\/es\/wp-content\/uploads\/2015\/05\/Delbo1.jpg\" data-rel=\"lightbox\"><img decoding=\"async\" loading=\"lazy\" class=\"alignnone wp-image-2775 size-medium\" src=\"https:\/\/www.gebrauchstext.de\/es\/wp-content\/uploads\/2015\/05\/Delbo1-300x275.jpg\" alt=\"\" width=\"300\" height=\"275\" srcset=\"https:\/\/www.gebrauchstext.de\/es\/wp-content\/uploads\/2015\/05\/Delbo1-300x275.jpg 300w, https:\/\/www.gebrauchstext.de\/es\/wp-content\/uploads\/2015\/05\/Delbo1.jpg 954w\" sizes=\"(max-width: 300px) 100vw, 300px\" \/><\/a><\/div>\n<div class=\"col nomargin\"><a href=\"https:\/\/www.gebrauchstext.de\/es\/wp-content\/uploads\/2015\/05\/Delbo2.jpg\" data-rel=\"lightbox\"><img decoding=\"async\" loading=\"lazy\" class=\"alignnone wp-image-2776 size-medium\" src=\"https:\/\/www.gebrauchstext.de\/es\/wp-content\/uploads\/2015\/05\/Delbo2-300x275.jpg\" alt=\"\" width=\"300\" height=\"275\" srcset=\"https:\/\/www.gebrauchstext.de\/es\/wp-content\/uploads\/2015\/05\/Delbo2-300x275.jpg 300w, https:\/\/www.gebrauchstext.de\/es\/wp-content\/uploads\/2015\/05\/Delbo2.jpg 954w\" sizes=\"(max-width: 300px) 100vw, 300px\" \/><\/a><\/div>\n<\/div><\/div>\n<div class=\"gca-utility vertical-spacer\"><\/div>\n<div class=\"gca-column one-third first\"><h4>dirk&amp;philip Kommunikation GmbH<\/h4>\n<p>Berlin<br \/><\/div>\n<div class=\"gca-column two-thirds\"><strong>Agencia de publicidad<\/strong><br \/>\nAdaptaci\u00f3n de materiales publicitarios a siete idiomas<br \/>\nCorrecci\u00f3n y edici\u00f3n en alem\u00e1n e ingl\u00e9s para distintos clientes<br \/><\/div>\n<div class=\"gca-utility vertical-spacer\"><\/div>\n<div class=\"gca-column one-third first\"><h4>DMAX<\/h4>\n<p>M\u00fanich<br \/><\/div>\n<div class=\"gca-column two-thirds\"><strong>Canal de factual entertainment para hombres en la televisi\u00f3n alemana de se\u00f1al abierta<\/strong><br \/>\nElaboraci\u00f3n de guiones de doblaje (ingl\u00e9s \u2013 alem\u00e1n) para series de tele-realidad<\/p>\n<div class=\"cols-wrapper cols-2\">\n<div class=\"col\"><a href=\"https:\/\/www.gebrauchstext.de\/es\/wp-content\/uploads\/2015\/04\/DMAX-OH1.jpg\" data-rel=\"lightbox\"><img decoding=\"async\" loading=\"lazy\" class=\"alignnone wp-image-2778 size-medium\" src=\"https:\/\/www.gebrauchstext.de\/es\/wp-content\/uploads\/2015\/04\/DMAX-OH1-300x168.jpg\" alt=\"\" width=\"300\" height=\"168\" srcset=\"https:\/\/www.gebrauchstext.de\/es\/wp-content\/uploads\/2015\/04\/DMAX-OH1-300x168.jpg 300w, https:\/\/www.gebrauchstext.de\/es\/wp-content\/uploads\/2015\/04\/DMAX-OH1-1024x573.jpg 1024w, https:\/\/www.gebrauchstext.de\/es\/wp-content\/uploads\/2015\/04\/DMAX-OH1.jpg 1662w\" sizes=\"(max-width: 300px) 100vw, 300px\" \/><\/a><\/div>\n<div class=\"col nomargin\"><a href=\"https:\/\/www.gebrauchstext.de\/es\/wp-content\/uploads\/2015\/04\/DMAX-OH2.jpg\" data-rel=\"lightbox\"><img decoding=\"async\" loading=\"lazy\" class=\"alignnone wp-image-2779 size-medium\" src=\"https:\/\/www.gebrauchstext.de\/es\/wp-content\/uploads\/2015\/04\/DMAX-OH2-300x168.jpg\" alt=\"\" width=\"300\" height=\"168\" srcset=\"https:\/\/www.gebrauchstext.de\/es\/wp-content\/uploads\/2015\/04\/DMAX-OH2-300x168.jpg 300w, https:\/\/www.gebrauchstext.de\/es\/wp-content\/uploads\/2015\/04\/DMAX-OH2-1024x574.jpg 1024w, https:\/\/www.gebrauchstext.de\/es\/wp-content\/uploads\/2015\/04\/DMAX-OH2.jpg 1654w\" sizes=\"(max-width: 300px) 100vw, 300px\" \/><\/a><\/div>\n<div class=\"bu\">Overhaulin\u2018 es una serie muy popular en la que el supermec\u00e1nico Chip Foose y su equipo vuelven a poner a punto un veh\u00edculo bien entrado en a\u00f1os para darle una sorpresa a su due\u00f1o.<\/div>\n<\/div>\n<div class=\"cols-wrapper cols-2\">\n<div class=\"col\"><a href=\"https:\/\/www.gebrauchstext.de\/es\/wp-content\/uploads\/2015\/04\/DMAX-WD1.jpg\" data-rel=\"lightbox\"><img decoding=\"async\" loading=\"lazy\" class=\"alignnone wp-image-2784 size-full\" src=\"https:\/\/www.gebrauchstext.de\/es\/wp-content\/uploads\/2015\/04\/DMAX-WD1.jpg\" alt=\"\" width=\"641\" height=\"898\" srcset=\"https:\/\/www.gebrauchstext.de\/es\/wp-content\/uploads\/2015\/04\/DMAX-WD1.jpg 641w, https:\/\/www.gebrauchstext.de\/es\/wp-content\/uploads\/2015\/04\/DMAX-WD1-214x300.jpg 214w\" sizes=\"(max-width: 641px) 100vw, 641px\" \/><\/a><\/div>\n<div class=\"col nomargin\"><a href=\"https:\/\/www.gebrauchstext.de\/es\/wp-content\/uploads\/2015\/04\/DMAX-WD2.jpg\" data-rel=\"lightbox\"><img decoding=\"async\" loading=\"lazy\" class=\"alignnone wp-image-2785 size-medium\" src=\"https:\/\/www.gebrauchstext.de\/es\/wp-content\/uploads\/2015\/04\/DMAX-WD2-300x167.jpg\" alt=\"\" width=\"300\" height=\"167\" srcset=\"https:\/\/www.gebrauchstext.de\/es\/wp-content\/uploads\/2015\/04\/DMAX-WD2-300x167.jpg 300w, https:\/\/www.gebrauchstext.de\/es\/wp-content\/uploads\/2015\/04\/DMAX-WD2-1024x571.jpg 1024w, https:\/\/www.gebrauchstext.de\/es\/wp-content\/uploads\/2015\/04\/DMAX-WD2.jpg 1661w\" sizes=\"(max-width: 300px) 100vw, 300px\" \/><\/a><\/div>\n<div class=\"bu\">Los profesionales del veh\u00edculo de segunda mano compran, arreglan y venden. Y tienen tanto \u00e9xito que ya se han realizado doce temporadas.<\/div>\n<\/div><\/div>\n<div class=\"gca-utility vertical-spacer\"><\/div>\n<div class=\"gca-column one-third first\"><h4>Duo Werbeagentur<\/h4>\n<p>Berlin<\/p>\n<h4><\/div><\/h4>\n<div class=\"gca-column two-thirds\"><strong>Agencia de publicidad<\/strong><br \/>\nTraducci\u00f3n, edici\u00f3n y revisi\u00f3n de diversos textos (alem\u00e1n, ingl\u00e9s y franc\u00e9s)<br \/>\n<a href=\"http:\/\/www.duowerbeagentur.de\/\" target=\"_blank\" rel=\"noopener\">www.duowerbeagentur.de<\/a><br \/><\/div>\n<div class=\"gca-utility vertical-spacer\"><\/div>\n<div class=\"gca-column one-third first\"><h4>eBay International<\/h4>\n<p>Berna<\/p>\n<h4><\/div><\/h4>\n<div class=\"gca-column two-thirds\"><strong>Subastas en internet<\/strong><br \/>\nComunicaci\u00f3n interna, distintos proyectos, en seis idiomas<br \/><\/div>\n<div class=\"gca-utility vertical-spacer\"><\/div>\n<div class=\"gca-column one-third first\"><h4>ENGIE<\/h4>\n<p>Berl\u00edn, Par\u00eds, Bruselas<br \/><\/div>\n<div class=\"gca-column two-thirds\"><strong>Proveedor de energ\u00eda y servicios de energ\u00eda en toda Europa <\/strong><br \/>\n(Antes conocida como GDF SUEZ) Adaptaci\u00f3n, traducci\u00f3n y revisi\u00f3n de diversos textos para folletos, presentaciones y el sitio web. Traducci\u00f3n del bolet\u00edn comercial semanal dirigido a los clientes.<br \/>\n<a href=\"https:\/\/www.engie-deutschland.de\/en\" target=\"_blank\" rel=\"noopener\">www.engie-deutschland.de\/en <\/a><br \/><\/div>\n<div class=\"gca-utility vertical-spacer\"><\/div>\n<div class=\"gca-column one-third first\"><h4>HelloFresh Deutschland SE &amp; Co. KG<\/h4>\n<p>Berlin<br \/><\/div>\n<div class=\"gca-column two-thirds\"><strong>Empresa internacional de kits para preparar comidas <\/strong><br \/>\nTraducci\u00f3n y edici\u00f3n, en alem\u00e1n e ingl\u00e9s; revisi\u00f3n semanal de cajas de recetas (alem\u00e1n)<br \/>\n<a href=\"http:\/\/www.hellofresh.de\" target=\"_blank\" rel=\"noopener\">www.hellofresh.de<\/a><\/p>\n<div class=\"cols-wrapper cols-2\">\n<div class=\"col\">\n<p><a href=\"https:\/\/www.gebrauchstext.de\/es\/wp-content\/uploads\/HelloFresh11.jpg\" data-rel=\"lightbox\"><img decoding=\"async\" loading=\"lazy\" class=\"alignnone wp-image-2953 size-full\" src=\"https:\/\/www.gebrauchstext.de\/es\/wp-content\/uploads\/HelloFresh11.jpg\" alt=\"\" width=\"1001\" height=\"893\" srcset=\"https:\/\/www.gebrauchstext.de\/es\/wp-content\/uploads\/HelloFresh11.jpg 1001w, https:\/\/www.gebrauchstext.de\/es\/wp-content\/uploads\/HelloFresh11-300x268.jpg 300w, https:\/\/www.gebrauchstext.de\/es\/wp-content\/uploads\/HelloFresh11-768x685.jpg 768w\" sizes=\"(max-width: 1001px) 100vw, 1001px\" \/><\/a><\/p>\n<\/div>\n<div class=\"col nomargin\"><\/div>\n<\/div><\/div>\n<div class=\"gca-column one-third first\"><h4>Jack Link\u2019s Europe GmbH<\/h4>\n<p>Berlin<br \/><\/div>\n<div class=\"gca-column two-thirds\"><strong>Snack de carne seca<\/strong><br \/>\nDistintas traducciones para publicidad en internet<\/p>\n<div class=\"cols-wrapper cols-2\">\n<div class=\"col\">\n<p><a href=\"https:\/\/www.gebrauchstext.de\/es\/wp-content\/uploads\/2015\/04\/JackLinks1.jpg\" data-rel=\"lightbox\"><img decoding=\"async\" loading=\"lazy\" class=\"alignnone wp-image-2788 size-full\" src=\"https:\/\/www.gebrauchstext.de\/es\/wp-content\/uploads\/2015\/04\/JackLinks1.jpg\" alt=\"\" width=\"544\" height=\"746\" srcset=\"https:\/\/www.gebrauchstext.de\/es\/wp-content\/uploads\/2015\/04\/JackLinks1.jpg 544w, https:\/\/www.gebrauchstext.de\/es\/wp-content\/uploads\/2015\/04\/JackLinks1-219x300.jpg 219w\" sizes=\"(max-width: 544px) 100vw, 544px\" \/><\/a><\/p>\n<\/div>\n<div class=\"col nomargin\">\n<p><a href=\"https:\/\/www.gebrauchstext.de\/es\/wp-content\/uploads\/2015\/04\/JackLinks2.jpg\" data-rel=\"lightbox\"><img decoding=\"async\" loading=\"lazy\" class=\"alignnone wp-image-2789 size-full\" src=\"https:\/\/www.gebrauchstext.de\/es\/wp-content\/uploads\/2015\/04\/JackLinks2.jpg\" alt=\"\" width=\"544\" height=\"746\" srcset=\"https:\/\/www.gebrauchstext.de\/es\/wp-content\/uploads\/2015\/04\/JackLinks2.jpg 544w, https:\/\/www.gebrauchstext.de\/es\/wp-content\/uploads\/2015\/04\/JackLinks2-219x300.jpg 219w\" sizes=\"(max-width: 544px) 100vw, 544px\" \/><\/a><\/p>\n<\/div>\n<\/div><\/div><div class=\"gca-utility vertical-spacer\"><\/div><div class=\"gca-column one-third first\"><h4>John Stuart Mill Institut<\/h4>\n<p>Heidelberg<br \/><\/div>\n<div class=\"gca-column two-thirds\"><strong>Instituto para la Investigaci\u00f3n sobre la Libertad, adscrito a la SRH Hochschule Heidelberg<\/strong><br \/>\nDistintas traducciones<br \/><\/div>\n<div class=\"gca-utility vertical-spacer\"><\/div>\n<div class=\"gca-column one-third first\"><h4>Lavendelfilm GmbH<\/h4>\n<p>Potsdam<br \/><\/div>\n<div class=\"gca-column two-thirds\"><strong>Empresa de posproducci\u00f3n de audio <\/strong><br \/>\nProducci\u00f3n de guiones de doblaje (ingl\u00e9s\u2013alem\u00e1n) para diversos programas de docutainment para los canales de televisi\u00f3n Pro7 Maxx, Sixx y Comedy Central, y direcci\u00f3n de las grabaciones de voz<\/p>\n<div class=\"cols-wrapper cols-2\">\n<div class=\"col\">\n<p><a href=\"https:\/\/www.gebrauchstext.de\/es\/wp-content\/uploads\/Lavendel.jpg \"data-rel=\"lightbox\"><img decoding=\"async\" loading=\"lazy\" class=\"alignnone wp-image-2954 size-full\" src=\"https:\/\/www.gebrauchstext.de\/es\/wp-content\/uploads\/Lavendel.jpg\" alt=\"\" width=\"639\" height=\"658\" srcset=\"https:\/\/www.gebrauchstext.de\/es\/wp-content\/uploads\/Lavendel.jpg 639w, https:\/\/www.gebrauchstext.de\/es\/wp-content\/uploads\/Lavendel-291x300.jpg 291w\" sizes=\"(max-width: 639px) 100vw, 639px\" \/><\/a><\/p>\n<\/div>\n<div class=\"col nomargin\"><\/div>\n<\/div><\/div>\n<div class=\"gca-utility vertical-spacer\"><\/div>\n<div class=\"gca-column one-third first\"><h4>Oakley GmbH<\/h4>\n<p>Z\u00fcrich, Ismaning<br \/><\/div>\n<div class=\"gca-column two-thirds\"><strong>Eyewear y sportswear<\/strong><br \/>\nElaboraci\u00f3n de textos y adaptaci\u00f3n del bolet\u00edn de noticias para clientes, en cuatro idiomas<br \/>\n<a href=\"http:\/\/de.oakley.com\/\" target=\"_blank\" rel=\"noopener\">http:\/\/de.oakley.com\/ <\/a><\/p>\n<div class=\"cols-wrapper cols-2\">\n<div class=\"col\">\n<p><a href=\"https:\/\/www.gebrauchstext.de\/es\/wp-content\/uploads\/2015\/04\/Oakley1b.jpg\" data-rel=\"lightbox\"><img decoding=\"async\" loading=\"lazy\" class=\"alignnone wp-image-2792 size-full\" src=\"https:\/\/www.gebrauchstext.de\/es\/wp-content\/uploads\/2015\/04\/Oakley1b.jpg\" alt=\"\" width=\"648\" height=\"840\" srcset=\"https:\/\/www.gebrauchstext.de\/es\/wp-content\/uploads\/2015\/04\/Oakley1b.jpg 648w, https:\/\/www.gebrauchstext.de\/es\/wp-content\/uploads\/2015\/04\/Oakley1b-231x300.jpg 231w\" sizes=\"(max-width: 648px) 100vw, 648px\" \/><\/a><\/p>\n<\/div>\n<div class=\"col nomargin\"><\/div>\n<\/div><\/div><div class=\"gca-utility vertical-spacer\"><\/div><div class=\"gca-column one-third first\"><h4>K\u00f6nigliche Porzellan-Manufaktur Berlin<\/h4>\n<p>Berlin<br \/><\/div>\n<div class=\"gca-column two-thirds\"><strong>Objetos art\u00edsticos y vajilla de porcelana<\/strong><br \/>\nAdaptaci\u00f3n, correcci\u00f3n y edici\u00f3n de materiales publicitarios, sitio web<br \/>\n<a href=\"https:\/\/de-de.kpm-berlin.com\" target=\"_blank\" rel=\"noopener\">https:\/\/de-de.kpm-berlin.com<\/a><\/p>\n<div class=\"cols-wrapper cols-2\">\n<div class=\"col\">\n<p><a href=\"https:\/\/www.gebrauchstext.de\/es\/wp-content\/uploads\/2015\/04\/KPM5.jpg\" data-rel=\"lightbox\"><img decoding=\"async\" loading=\"lazy\" class=\"alignnone wp-image-2793 size-medium\" src=\"https:\/\/www.gebrauchstext.de\/es\/wp-content\/uploads\/2015\/04\/KPM5-300x212.jpg\" alt=\"\" width=\"300\" height=\"212\" srcset=\"https:\/\/www.gebrauchstext.de\/es\/wp-content\/uploads\/2015\/04\/KPM5-300x212.jpg 300w, https:\/\/www.gebrauchstext.de\/es\/wp-content\/uploads\/2015\/04\/KPM5-1024x723.jpg 1024w, https:\/\/www.gebrauchstext.de\/es\/wp-content\/uploads\/2015\/04\/KPM5.jpg 1419w\" sizes=\"(max-width: 300px) 100vw, 300px\" \/><\/a><\/p>\n<\/div>\n<div class=\"col nomargin\">\n<p><a href=\"https:\/\/www.gebrauchstext.de\/es\/wp-content\/uploads\/2015\/04\/KPM1.jpg\" data-rel=\"lightbox\"><img decoding=\"async\" loading=\"lazy\" class=\"alignnone wp-image-2794 size-medium\" src=\"https:\/\/www.gebrauchstext.de\/es\/wp-content\/uploads\/2015\/04\/KPM1-300x212.jpg\" alt=\"\" width=\"300\" height=\"212\" srcset=\"https:\/\/www.gebrauchstext.de\/es\/wp-content\/uploads\/2015\/04\/KPM1-300x212.jpg 300w, https:\/\/www.gebrauchstext.de\/es\/wp-content\/uploads\/2015\/04\/KPM1-1024x723.jpg 1024w, https:\/\/www.gebrauchstext.de\/es\/wp-content\/uploads\/2015\/04\/KPM1.jpg 1419w\" sizes=\"(max-width: 300px) 100vw, 300px\" \/><\/a><\/p>\n<\/div>\n<\/div><\/div><div class=\"gca-utility vertical-spacer\"><\/div><div class=\"gca-column one-third first\"><h4>Kornberger &amp; Partner, Agentur f\u00fcr Kommunikationsberatung<\/h4>\n<p>Berlin<br \/><\/div>\n<div class=\"gca-column two-thirds\"><strong>Asesores de comunicaci\u00f3n<\/strong><br \/>\nDistintas traducciones<br \/>\n<a href=\"http:\/\/www.kornbergerpartner.com\/kornberger-und-partner-kommunikationsberatung.html\" target=\"_blank\" rel=\"noopener\">www.kornbergerpartner.com<\/a><br \/><\/div>\n<div class=\"gca-utility vertical-spacer\"><\/div>\n<div class=\"gca-column one-third first\"><h4>NBC Universal, Universal City<\/h4>\n<p>Los Angeles, EE.UU.<br \/><\/div>\n<div class=\"gca-column two-thirds\"><strong>Pel\u00edculas y series de televisi\u00f3n<\/strong><br \/>\nTraducci\u00f3n de textos para la comercializaci\u00f3n a trav\u00e9s de internet en toda Europa, 14 idiomas<br \/>\n<a href=\"http:\/\/www.nbcuniversal.com\/\" target=\"_blank\" rel=\"noopener\">www.nbcuniversal.com<\/a><\/p><\/div>\n<div class=\"gca-utility vertical-spacer\"><\/div>\n<div class=\"gca-column one-third first\"><h4>Savoir Beds<\/h4>\n<p>London, Berlin, D\u00fcsseldorf<br \/><\/div>\n<div class=\"gca-column two-thirds\"><strong>Fabricante de camas de gama alta con base box spring<\/strong><br \/>\nAdaptaci\u00f3n y redacci\u00f3n de anuncios, folletos y sitio web<br \/>\n<a href=\"http:\/\/www.savoirbeds.com\" target=\"_blank\" rel=\"noopener\">www.savoirbeds.com<\/a><br \/>\n<a href=\"https:\/\/www.gebrauchstext.de\/es\/wp-content\/uploads\/2015\/05\/Savoir3.jpg\" data-rel=\"lightbox\"><img decoding=\"async\" loading=\"lazy\" class=\"alignnone wp-image-2802 size-large\" src=\"https:\/\/www.gebrauchstext.de\/es\/wp-content\/uploads\/2015\/05\/Savoir3-1024x821.jpg\" alt=\"\" width=\"1024\" height=\"821\" srcset=\"https:\/\/www.gebrauchstext.de\/es\/wp-content\/uploads\/2015\/05\/Savoir3-1024x821.jpg 1024w, https:\/\/www.gebrauchstext.de\/es\/wp-content\/uploads\/2015\/05\/Savoir3-300x240.jpg 300w, https:\/\/www.gebrauchstext.de\/es\/wp-content\/uploads\/2015\/05\/Savoir3.jpg 1839w\" sizes=\"(max-width: 1024px) 100vw, 1024px\" \/><\/a><br \/><\/div><div class=\"gca-utility vertical-spacer\"><\/div>\n<div class=\"gca-column one-third first\"><h4>Senior Experten Service<\/h4>\n<p>Bonn<br \/><\/div>\n<div class=\"gca-column two-thirds\"><strong>Fundaci\u00f3n de la Industria Alemana para la Cooperaci\u00f3n Internacional \u2013 sociedad ben\u00e9fica<\/strong><br \/>\nDiversas traducciones en cinco idiomas<br \/>\n<a href=\"www.ses-bonn.de\/en\/startseite.html\" target=\"_blank\" rel=\"noopener\">www.ses-bonn.de\/en<\/a><\/p><\/div>\n<div class=\"gca-utility vertical-spacer\"><\/div>\n<div class=\"gca-column one-third first\"><h4>SE Tylose<\/h4>\n<p>Wiesbaden<br \/><\/div>\n<div class=\"gca-column two-thirds\"><strong>Fabricante de materiales de construcci\u00f3n<\/strong><br \/>\nTraducci\u00f3n del cat\u00e1logo y sitio web, en cuatro idiomas<br \/>\n<a href=\"http:\/\/www.setylose.de\/de\/index.vist\" target=\"_blank\" rel=\"noopener\">www.setylose.de\/de\/index.vist <\/a><\/p><\/div>\n<div class=\"gca-utility vertical-spacer\"><\/div>\n<div class=\"gca-column one-third first\"><h4>SRF, Schweizer Radio und Fernsehen<\/h4>\n<p>Z\u00fcrich<br \/><\/div>\n<div class=\"gca-column two-thirds\"><strong>Cadena p\u00fablica suiza de radiotelevisi\u00f3n <\/strong><br \/>\nSubtitulado de distintos cap\u00edtulos de <strong><em>Top Gear<\/em><\/strong>, la serie televisiva m\u00e1s popular del mundo<\/p><\/div>\n<div class=\"gca-utility vertical-spacer\"><\/div>\n<div class=\"gca-column one-third first\"><h4>Summer GmbH &amp; Co. KG<\/h4>\n<p>Berlin<br \/><\/div>\n<div class=\"gca-column two-thirds\"><strong>Agencia consultora<\/strong><br \/>\nDDiversas traducciones, edici\u00f3n y revisi\u00f3n<br \/>\n<a href=\"https:\/\/summer.co\/en\/home\" target=\"_blank\" rel=\"noopener\">https:\/\/summer.co\/en<\/a><\/p><\/div>\n<div class=\"gca-utility vertical-spacer\"><\/div>\n<div class=\"gca-column one-third first\"><h4>Verimag<\/h4>\n<p>Berlin<br \/><\/div>\n<div class=\"gca-column two-thirds\"><strong>Desarrollo y promoci\u00f3n de proyectos de construcci\u00f3n<\/strong><br \/>\nAdaptaci\u00f3n de sitio web<br \/>\n<a href=\"http:\/\/verimag.de\/startseite\" target=\"_blank\" rel=\"noopener\">http:\/\/verimag.de\/startseite<\/a><\/p><\/div>\n<div class=\"gca-utility vertical-spacer\"><\/div>\n<div class=\"gca-column one-third first\"><h4>WWF Deutschland<\/h4>\n<p>Berlin<br \/><\/div>\n<div class=\"gca-column two-thirds\"><strong>Protecci\u00f3n medioambiental<\/strong><br \/>\nTraducci\u00f3n de distintos estudios cient\u00edficos y presentaciones sobre el cambio clim\u00e1tico y la transici\u00f3n energ\u00e9tica.<br \/>\n<a href=\"http:\/\/www.wwf.de\" target=\"_blank\" rel=\"noopener\">www.wwf.de<\/a><br \/><\/div>\n<div class=\"gca-utility vertical-spacer\"><\/div>\n","protected":false},"excerpt":{"rendered":"<p>A estos clientes nuestros textos les han sido muy \u00fatiles Una peque\u00f1a selecci\u00f3n de las empresas que ya est\u00e1n satisfechas [&hellip;]<\/p>\n","protected":false},"author":1,"featured_media":0,"parent":0,"menu_order":0,"comment_status":"open","ping_status":"closed","template":"template-full-custom.php","meta":[],"_links":{"self":[{"href":"https:\/\/www.gebrauchstext.de\/es\/wp-json\/wp\/v2\/pages\/2631"}],"collection":[{"href":"https:\/\/www.gebrauchstext.de\/es\/wp-json\/wp\/v2\/pages"}],"about":[{"href":"https:\/\/www.gebrauchstext.de\/es\/wp-json\/wp\/v2\/types\/page"}],"author":[{"embeddable":true,"href":"https:\/\/www.gebrauchstext.de\/es\/wp-json\/wp\/v2\/users\/1"}],"replies":[{"embeddable":true,"href":"https:\/\/www.gebrauchstext.de\/es\/wp-json\/wp\/v2\/comments?post=2631"}],"version-history":[{"count":80,"href":"https:\/\/www.gebrauchstext.de\/es\/wp-json\/wp\/v2\/pages\/2631\/revisions"}],"predecessor-version":[{"id":2960,"href":"https:\/\/www.gebrauchstext.de\/es\/wp-json\/wp\/v2\/pages\/2631\/revisions\/2960"}],"wp:attachment":[{"href":"https:\/\/www.gebrauchstext.de\/es\/wp-json\/wp\/v2\/media?parent=2631"}],"curies":[{"name":"wp","href":"https:\/\/api.w.org\/{rel}","templated":true}]}}