{"id":2693,"date":"2015-04-17T14:40:51","date_gmt":"2015-04-17T12:40:51","guid":{"rendered":"http:\/\/www.gebrauchstext.de\/es\/?page_id=2693"},"modified":"2015-08-31T14:03:29","modified_gmt":"2015-08-31T12:03:29","slug":"empresa","status":"publish","type":"page","link":"https:\/\/www.gebrauchstext.de\/es\/empresa\/","title":{"rendered":"Empresa"},"content":{"rendered":"<h1>Siempre una palabra certera<\/h1>\n<div class=\"cols-wrapper cols-2\">\n<div class=\"col\">\n<p>En <em>gebrauchstext \u2013 Multinational Text<\/em> conocemos bien las palabras, su significado y el efecto que produce un texto. Y usted puede beneficiarse de nuestros conocimientos. A continuaci\u00f3n sabr\u00e1 c\u00f3mo hacerlo. Pero primero le vamos a presentar brevemente nuestra empresa. <\/p>\n<p>Desde 2006 <em>gebrauchstext \u2013 Multinational Text<\/em> est\u00e1 trabajando para empresas de los m\u00e1s distintos sectores y mercados transmitiendo mensajes y traslad\u00e1ndolos a otras lenguas. Con textos de los m\u00e1s diferentes tipos y magnitudes: empezando por breves mensajes publicitarios o textos para etiquetas, pasando por boletines informativos para el cliente en varios idiomas, manuales o p\u00e1ginas web completas, hasta la traducci\u00f3n de libros divulgativos o guiones de di\u00e1logos para la televisi\u00f3n. <\/p>\n<\/div>\n<div class=\"col nomargin\">\n<p>Un peque\u00f1o texto puede producir un gran efecto. Por eso, como todo lo nos sirve para presentarnos ante otros, es bueno que est\u00e9 hecho a la medida y sea duradero. En concreto ofrecemos: traducci\u00f3n, adaptaci\u00f3n, edici\u00f3n (desde la correcci\u00f3n ortogr\u00e1fica hasta la redacci\u00f3n de contenidos) y elaboraci\u00f3n de textos.<\/p>\n<p>Por tanto, si quiere que su empresa se presente de una manera brillante o desea informar sobre un nuevo producto -preferentemente en varios idiomas &#8211; entonces acaba de encontrar a los especialistas en este tipo de tareas. Lo mejor ser\u00e1 que se ponga en contacto con nosotros enseguida. Estaremos en <a href=\"https:\/\/www.gebrauchstext.de\/es\/contacto\/\">cantados<\/a> de asesorarle y de hacerle una oferta sin compromiso. <\/p>\n<\/div>\n<\/div>\n","protected":false},"excerpt":{"rendered":"<p>Siempre una palabra certera En gebrauchstext \u2013 Multinational Text conocemos bien las palabras, su significado y el efecto que produce [&hellip;]<\/p>\n","protected":false},"author":1,"featured_media":0,"parent":0,"menu_order":0,"comment_status":"open","ping_status":"open","template":"template-full-custom.php","meta":[],"_links":{"self":[{"href":"https:\/\/www.gebrauchstext.de\/es\/wp-json\/wp\/v2\/pages\/2693"}],"collection":[{"href":"https:\/\/www.gebrauchstext.de\/es\/wp-json\/wp\/v2\/pages"}],"about":[{"href":"https:\/\/www.gebrauchstext.de\/es\/wp-json\/wp\/v2\/types\/page"}],"author":[{"embeddable":true,"href":"https:\/\/www.gebrauchstext.de\/es\/wp-json\/wp\/v2\/users\/1"}],"replies":[{"embeddable":true,"href":"https:\/\/www.gebrauchstext.de\/es\/wp-json\/wp\/v2\/comments?post=2693"}],"version-history":[{"count":18,"href":"https:\/\/www.gebrauchstext.de\/es\/wp-json\/wp\/v2\/pages\/2693\/revisions"}],"predecessor-version":[{"id":2918,"href":"https:\/\/www.gebrauchstext.de\/es\/wp-json\/wp\/v2\/pages\/2693\/revisions\/2918"}],"wp:attachment":[{"href":"https:\/\/www.gebrauchstext.de\/es\/wp-json\/wp\/v2\/media?parent=2693"}],"curies":[{"name":"wp","href":"https:\/\/api.w.org\/{rel}","templated":true}]}}