{"id":2730,"date":"2015-05-05T14:00:26","date_gmt":"2015-05-05T12:00:26","guid":{"rendered":"http:\/\/www.gebrauchstext.de\/es\/?page_id=2730"},"modified":"2015-08-31T15:20:59","modified_gmt":"2015-08-31T13:20:59","slug":"gebrauchstext-2","status":"publish","type":"page","link":"https:\/\/www.gebrauchstext.de\/es\/","title":{"rendered":"gebrauchstext"},"content":{"rendered":"<h1>\u00bfQu\u00e9 se ofrece aqu\u00ed?<\/h1>\n<div class=\"cols-wrapper cols-2\">\n<div class=\"col\">Un texto funcional es un texto que va a ser \u00fatil. Informa o cumple otro objetivo que a menudo es un objetivo comercial. Sirvan de ejemplo los siguientes:<\/div>\n<div class=\"col nomargin\">textos publicitarios, presentaciones corporativas, instrucciones de uso, libros de divulgaci\u00f3n.<br \/>\nTodo esto lo puede adquirir aqu\u00ed.\n<\/div>\n<\/div>\n<div class=\"section-full-width section-light-bg\" style=\"background-color:#f7f7f7;\" id=\"section-1\"><div class=\"section-boxed\" style=\"color:#373737;\"><div class=\"services-wrapper services-icon cols-wrapper cols-4 pexeto-parallax\"><div class=\"services-box col\"><a href=\"https:\/\/www.gebrauchstext.de\/es\/adaptacion-y-traduccion\/\"><div class=\"img-container\"><img src=\"https:\/\/www.gebrauchstext.de\/es\/wp-content\/uploads\/2015\/04\/uebersetzung_icon-130x130.png\" alt=\"Adaptaci\u00f3n \/ Traducci\u00f3n\"\/><\/div><\/a><div class=\"services-content\"><div class=\"sc-wraper\"><h3><a href=\"https:\/\/www.gebrauchstext.de\/es\/adaptacion-y-traduccion\/\">Adaptaci\u00f3n \/ Traducci\u00f3n<\/a><\/h3><\/div><\/div><\/div><div class=\"services-box col\"><a href=\"https:\/\/www.gebrauchstext.de\/es\/elaboracion-de-textos\/\"><div class=\"img-container\"><img src=\"https:\/\/www.gebrauchstext.de\/es\/wp-content\/uploads\/2015\/03\/texte2-130x130.png\" alt=\"Elaboraci\u00f3n de textos\"\/><\/div><\/a><div class=\"services-content\"><div class=\"sc-wraper\"><h3><a href=\"https:\/\/www.gebrauchstext.de\/es\/elaboracion-de-textos\/\">Elaboraci\u00f3n de textos<\/a><\/h3><\/div><\/div><\/div><div class=\"services-box col\"><a href=\"https:\/\/www.gebrauchstext.de\/es\/redaccion-edicion\/\"><div class=\"img-container\"><img src=\"https:\/\/www.gebrauchstext.de\/es\/wp-content\/uploads\/2015\/04\/lektorat_icon-130x130.png\" alt=\"Redacci\u00f3n \/ Edici\u00f3n\"\/><\/div><\/a><div class=\"services-content\"><div class=\"sc-wraper\"><h3><a href=\"https:\/\/www.gebrauchstext.de\/es\/redaccion-edicion\/\">Redacci\u00f3n \/ Edici\u00f3n<\/a><\/h3><\/div><\/div><\/div><div class=\"services-box col nomargin\"><a href=\"https:\/\/www.gebrauchstext.de\/es\/oferta-completa\/\"><div class=\"img-container\"><img src=\"https:\/\/www.gebrauchstext.de\/es\/wp-content\/uploads\/2015\/04\/komplett_icon-130x130.png\" alt=\"Ofertas completas\"\/><\/div><\/a><div class=\"services-content\"><div class=\"sc-wraper\"><h3><a href=\"https:\/\/www.gebrauchstext.de\/es\/oferta-completa\/\">Ofertas completas<\/a><\/h3><\/div><\/div><\/div><div class=\"clear\"><\/div><\/div>\n<\/div><\/div>\n","protected":false},"excerpt":{"rendered":"<p>\u00bfQu\u00e9 se ofrece aqu\u00ed? Un texto funcional es un texto que va a ser \u00fatil. Informa o cumple otro objetivo [&hellip;]<\/p>\n","protected":false},"author":1,"featured_media":0,"parent":0,"menu_order":0,"comment_status":"open","ping_status":"open","template":"template-full-custom.php","meta":[],"_links":{"self":[{"href":"https:\/\/www.gebrauchstext.de\/es\/wp-json\/wp\/v2\/pages\/2730"}],"collection":[{"href":"https:\/\/www.gebrauchstext.de\/es\/wp-json\/wp\/v2\/pages"}],"about":[{"href":"https:\/\/www.gebrauchstext.de\/es\/wp-json\/wp\/v2\/types\/page"}],"author":[{"embeddable":true,"href":"https:\/\/www.gebrauchstext.de\/es\/wp-json\/wp\/v2\/users\/1"}],"replies":[{"embeddable":true,"href":"https:\/\/www.gebrauchstext.de\/es\/wp-json\/wp\/v2\/comments?post=2730"}],"version-history":[{"count":16,"href":"https:\/\/www.gebrauchstext.de\/es\/wp-json\/wp\/v2\/pages\/2730\/revisions"}],"predecessor-version":[{"id":2933,"href":"https:\/\/www.gebrauchstext.de\/es\/wp-json\/wp\/v2\/pages\/2730\/revisions\/2933"}],"wp:attachment":[{"href":"https:\/\/www.gebrauchstext.de\/es\/wp-json\/wp\/v2\/media?parent=2730"}],"curies":[{"name":"wp","href":"https:\/\/api.w.org\/{rel}","templated":true}]}}