{"id":30,"date":"2015-03-13T19:13:00","date_gmt":"2015-03-13T18:13:00","guid":{"rendered":"http:\/\/www.gebrauchstext.de\/es\/?page_id=30"},"modified":"2015-08-31T14:46:26","modified_gmt":"2015-08-31T12:46:26","slug":"redaccion-edicion","status":"publish","type":"page","link":"https:\/\/www.gebrauchstext.de\/es\/redaccion-edicion\/","title":{"rendered":"Redacci\u00f3n \/ Edici\u00f3n"},"content":{"rendered":"<h1>La secci\u00f3n de los perfeccionistas: cuatro ojos ven m\u00e1s que dos<\/h1>\n<p>Que a la lengua muchos le quieren poco es un fen\u00f3meno bien conocido. Pero, por desgracia, el le\u00edsmo no es el \u00fanico de los errores que se pueden cometer al escribir. Adem\u00e1s, a veces con un cambio m\u00ednimo un texto puede ganar enormemente en elegancia.<\/p>\n<p>La redacci\u00f3n de sus textos puede ser una especial ayuda. Es decir, si usted nos proporciona sus propios textos, nosotros los revisamos en cuanto a forma y contenido usando criterios como apelaci\u00f3n al grupo de destino, estilo adecuado y, naturalmente, correcci\u00f3n gramatical y ortogr\u00e1fica. Cierto es que cualquiera es capaz de escribir, pero tambi\u00e9n lo es que la mayor\u00eda de las veces los profesionales consiguen textos m\u00e1s elegantes y orientados al objetivo que persiguen.<\/p>\n<p>Si hay prisa tambi\u00e9n se puede hacer simplemente correcci\u00f3n ortogr\u00e1fica y gramatical. Y para los casos m\u00e1s urgentes <em>gebrauchstext<\/em> tiene su correcci\u00f3n r\u00e1pida.<\/p>\n<p>De todas estas tareas y de otras muchas se hace cargo por usted la secci\u00f3n de correcci\u00f3n. Por supuesto, tambi\u00e9n de la correcci\u00f3n de sus textos en una lengua extranjera. P\u00f3ngase en <a href=\"https:\/\/www.gebrauchstext.de\/es\/contacto\/\">contacto<\/a> con nosotros y veremos c\u00f3mo podemos ayudarle. Por ejemplo, envi\u00e1ndole un presupuesto sin compromiso. <\/p>\n","protected":false},"excerpt":{"rendered":"<p>La secci\u00f3n de los perfeccionistas: cuatro ojos ven m\u00e1s que dos Que a la lengua muchos le quieren poco es [&hellip;]<\/p>\n","protected":false},"author":1,"featured_media":0,"parent":0,"menu_order":0,"comment_status":"open","ping_status":"open","template":"","meta":[],"_links":{"self":[{"href":"https:\/\/www.gebrauchstext.de\/es\/wp-json\/wp\/v2\/pages\/30"}],"collection":[{"href":"https:\/\/www.gebrauchstext.de\/es\/wp-json\/wp\/v2\/pages"}],"about":[{"href":"https:\/\/www.gebrauchstext.de\/es\/wp-json\/wp\/v2\/types\/page"}],"author":[{"embeddable":true,"href":"https:\/\/www.gebrauchstext.de\/es\/wp-json\/wp\/v2\/users\/1"}],"replies":[{"embeddable":true,"href":"https:\/\/www.gebrauchstext.de\/es\/wp-json\/wp\/v2\/comments?post=30"}],"version-history":[{"count":19,"href":"https:\/\/www.gebrauchstext.de\/es\/wp-json\/wp\/v2\/pages\/30\/revisions"}],"predecessor-version":[{"id":2929,"href":"https:\/\/www.gebrauchstext.de\/es\/wp-json\/wp\/v2\/pages\/30\/revisions\/2929"}],"wp:attachment":[{"href":"https:\/\/www.gebrauchstext.de\/es\/wp-json\/wp\/v2\/media?parent=30"}],"curies":[{"name":"wp","href":"https:\/\/api.w.org\/{rel}","templated":true}]}}