{"id":32,"date":"2015-03-13T19:13:52","date_gmt":"2015-03-13T18:13:52","guid":{"rendered":"http:\/\/www.gebrauchstext.de\/es\/?page_id=32"},"modified":"2015-08-31T14:15:50","modified_gmt":"2015-08-31T12:15:50","slug":"elaboracion-de-textos","status":"publish","type":"page","link":"https:\/\/www.gebrauchstext.de\/es\/elaboracion-de-textos\/","title":{"rendered":"Elaboraci\u00f3n de textos"},"content":{"rendered":"<h1>Aumentaremos su popularidad entre gente de todas las edades \u2013 o en cualquier grupo de destino<\/h1>\n<p>La comunicaci\u00f3n corporativa es polifac\u00e9tica. Como nosotros. Por eso nosotros le proporcionamos los servicios ling\u00fc\u00edsticos para que su empresa presente su mejor aspecto. Dado que no somos una agencia de publicidad en sentido tradicional, eso significa sobre todo la concepci\u00f3n y los textos pensados para un uso a medio y largo plazo, por ejemplo prospectos o p\u00e1ginas web. Y si este tiene miras internacionales, como nosotros, entonces tambi\u00e9n le suministraremos su texto en todas las lenguas en que lo necesite.<\/p>\n<p>Estaremos encantados de asesorarle en detalle sobre la forma de comunicaci\u00f3n m\u00e1s adecuada para su empresa: folleto, mailing, anuncio en prensa especializada, cartel, art\u00edculo o anuncio de radio. Y, por cierto, tambi\u00e9n nos gusta que se inmiscuya durante la fase creativa. P\u00f3ngase en <a href=\"https:\/\/www.gebrauchstext.de\/es\/contacto\/\">contacto<\/a> con nosotros para que podamos acordar todos los detalles. <\/p>\n","protected":false},"excerpt":{"rendered":"<p>Aumentaremos su popularidad entre gente de todas las edades \u2013 o en cualquier grupo de destino La comunicaci\u00f3n corporativa es [&hellip;]<\/p>\n","protected":false},"author":1,"featured_media":0,"parent":0,"menu_order":0,"comment_status":"open","ping_status":"open","template":"","meta":[],"_links":{"self":[{"href":"https:\/\/www.gebrauchstext.de\/es\/wp-json\/wp\/v2\/pages\/32"}],"collection":[{"href":"https:\/\/www.gebrauchstext.de\/es\/wp-json\/wp\/v2\/pages"}],"about":[{"href":"https:\/\/www.gebrauchstext.de\/es\/wp-json\/wp\/v2\/types\/page"}],"author":[{"embeddable":true,"href":"https:\/\/www.gebrauchstext.de\/es\/wp-json\/wp\/v2\/users\/1"}],"replies":[{"embeddable":true,"href":"https:\/\/www.gebrauchstext.de\/es\/wp-json\/wp\/v2\/comments?post=32"}],"version-history":[{"count":12,"href":"https:\/\/www.gebrauchstext.de\/es\/wp-json\/wp\/v2\/pages\/32\/revisions"}],"predecessor-version":[{"id":2922,"href":"https:\/\/www.gebrauchstext.de\/es\/wp-json\/wp\/v2\/pages\/32\/revisions\/2922"}],"wp:attachment":[{"href":"https:\/\/www.gebrauchstext.de\/es\/wp-json\/wp\/v2\/media?parent=32"}],"curies":[{"name":"wp","href":"https:\/\/api.w.org\/{rel}","templated":true}]}}