{"id":49,"date":"2015-03-13T20:48:05","date_gmt":"2015-03-13T19:48:05","guid":{"rendered":"http:\/\/www.gebrauchstext.de\/es\/?page_id=49"},"modified":"2015-08-31T14:21:36","modified_gmt":"2015-08-31T12:21:36","slug":"medios-impresos","status":"publish","type":"page","link":"https:\/\/www.gebrauchstext.de\/es\/medios-impresos\/","title":{"rendered":"Medios impresos"},"content":{"rendered":"<h1>Reflexionar, tomar notas, rectificar, dar forma, traducir<\/h1>\n<p>Eso es todo lo que hay que hacer para conseguir un buen producto publicitario que funcione en los medios escritos o cualquier otro texto que vaya a ser publicado. Todo esto lo hacemos nosotros para que usted no tenga que preocuparse. Solo tiene que decirnos para qu\u00e9 lo necesita y nosotros lo haremos.<\/p>\n<p>Pero el texto solo produce un efecto verdaderamente bueno si aparece presentado en un fondo que le vaya bien. Por ello ofrecemos un paquete completo que contiene la concepci\u00f3n, la elaboraci\u00f3n, la adaptaci\u00f3n y el dise\u00f1o: as\u00ed el proceso es m\u00e1s r\u00e1pido y usted no tendr\u00e1 que preocuparse de nada y podr\u00e1 estar seguro de que el estilo y la ortograf\u00eda son correctos. <\/p>\n<p>Si desea m\u00e1s informaci\u00f3n o que le hagamos un presupuesto, solo tiene que <a href=\"https:\/\/www.gebrauchstext.de\/es\/contacto\/\">preguntar<\/a>. <\/p>\n","protected":false},"excerpt":{"rendered":"<p>Reflexionar, tomar notas, rectificar, dar forma, traducir Eso es todo lo que hay que hacer para conseguir un buen producto [&hellip;]<\/p>\n","protected":false},"author":1,"featured_media":0,"parent":0,"menu_order":0,"comment_status":"open","ping_status":"open","template":"","meta":[],"_links":{"self":[{"href":"https:\/\/www.gebrauchstext.de\/es\/wp-json\/wp\/v2\/pages\/49"}],"collection":[{"href":"https:\/\/www.gebrauchstext.de\/es\/wp-json\/wp\/v2\/pages"}],"about":[{"href":"https:\/\/www.gebrauchstext.de\/es\/wp-json\/wp\/v2\/types\/page"}],"author":[{"embeddable":true,"href":"https:\/\/www.gebrauchstext.de\/es\/wp-json\/wp\/v2\/users\/1"}],"replies":[{"embeddable":true,"href":"https:\/\/www.gebrauchstext.de\/es\/wp-json\/wp\/v2\/comments?post=49"}],"version-history":[{"count":7,"href":"https:\/\/www.gebrauchstext.de\/es\/wp-json\/wp\/v2\/pages\/49\/revisions"}],"predecessor-version":[{"id":2925,"href":"https:\/\/www.gebrauchstext.de\/es\/wp-json\/wp\/v2\/pages\/49\/revisions\/2925"}],"wp:attachment":[{"href":"https:\/\/www.gebrauchstext.de\/es\/wp-json\/wp\/v2\/media?parent=49"}],"curies":[{"name":"wp","href":"https:\/\/api.w.org\/{rel}","templated":true}]}}