{"id":54,"date":"2015-03-13T21:01:07","date_gmt":"2015-03-13T20:01:07","guid":{"rendered":"http:\/\/www.gebrauchstext.de\/es\/?page_id=54"},"modified":"2015-08-31T14:20:28","modified_gmt":"2015-08-31T12:20:28","slug":"oferta-completa","status":"publish","type":"page","link":"https:\/\/www.gebrauchstext.de\/es\/oferta-completa\/","title":{"rendered":"Oferta completa"},"content":{"rendered":"<h1>Nuestros paquetes de servicios completos<\/h1>\n<p><em>gebrauchstext<\/em> no es solo multinacional, sino tambi\u00e9n multitarea. Si no quiere complicarse la vida, deje en nuestras manos la concepci\u00f3n, elaboraci\u00f3n y adaptaci\u00f3n de sus textos. Independientemente de si se trata de prospectos de imagen o de presentaci\u00f3n de un producto, de informes de ejercicio o de p\u00e1ginas web, nosotros elaboramos el texto, nos encargamos de que sea correcto en cuanto a forma y contenido y adem\u00e1s elaboramos una versi\u00f3n en cada una de los idiomas que desee.<\/p>\n<p>Y lo mejor de todo es que tambi\u00e9n nos podemos hacer cargo del dise\u00f1o, dado que colaboramos con grafistas y dise\u00f1adores. El objetivo de nuestros paquetes de servicios completos es, sobre todo, conseguir la plena satisfacci\u00f3n de nuestro cliente: usted, que as\u00ed obtendr\u00e1 todo de un \u00fanico proveedor y tendr\u00e1 m\u00e1s tiempo para su propio trabajo. <\/p>\n","protected":false},"excerpt":{"rendered":"<p>Nuestros paquetes de servicios completos gebrauchstext no es solo multinacional, sino tambi\u00e9n multitarea. Si no quiere complicarse la vida, deje [&hellip;]<\/p>\n","protected":false},"author":1,"featured_media":0,"parent":0,"menu_order":0,"comment_status":"open","ping_status":"open","template":"","meta":[],"_links":{"self":[{"href":"https:\/\/www.gebrauchstext.de\/es\/wp-json\/wp\/v2\/pages\/54"}],"collection":[{"href":"https:\/\/www.gebrauchstext.de\/es\/wp-json\/wp\/v2\/pages"}],"about":[{"href":"https:\/\/www.gebrauchstext.de\/es\/wp-json\/wp\/v2\/types\/page"}],"author":[{"embeddable":true,"href":"https:\/\/www.gebrauchstext.de\/es\/wp-json\/wp\/v2\/users\/1"}],"replies":[{"embeddable":true,"href":"https:\/\/www.gebrauchstext.de\/es\/wp-json\/wp\/v2\/comments?post=54"}],"version-history":[{"count":12,"href":"https:\/\/www.gebrauchstext.de\/es\/wp-json\/wp\/v2\/pages\/54\/revisions"}],"predecessor-version":[{"id":2924,"href":"https:\/\/www.gebrauchstext.de\/es\/wp-json\/wp\/v2\/pages\/54\/revisions\/2924"}],"wp:attachment":[{"href":"https:\/\/www.gebrauchstext.de\/es\/wp-json\/wp\/v2\/media?parent=54"}],"curies":[{"name":"wp","href":"https:\/\/api.w.org\/{rel}","templated":true}]}}