{"id":59,"date":"2015-03-13T21:03:31","date_gmt":"2015-03-13T20:03:31","guid":{"rendered":"http:\/\/www.gebrauchstext.de\/es\/?page_id=59"},"modified":"2015-08-31T14:23:22","modified_gmt":"2015-08-31T12:23:22","slug":"concepcion-y-elaboracion-de-sitio-web","status":"publish","type":"page","link":"https:\/\/www.gebrauchstext.de\/es\/concepcion-y-elaboracion-de-sitio-web\/","title":{"rendered":"Concepci\u00f3n y elaboraci\u00f3n de sitio web"},"content":{"rendered":"<h1>Su sitio web completo<\/h1>\n<p>Concebimos y dise\u00f1amos su sitio web. El resultado es no solo una p\u00e1gina web con buenos contenidos y textos de lectura amena, sino tambi\u00e9n una p\u00e1gina por la que da gusto navegar. Y es que nosotros nos hacemos cargo tambi\u00e9n del dise\u00f1o y la programaci\u00f3n. Y adem\u00e1s le suministramos las versiones en los idiomas que necesite. <\/p>\n<p>Sencillamente <a href=\"https:\/\/www.gebrauchstext.de\/es\/contacto\/\">ll\u00e1menos<\/a> o <a href=\"https:\/\/www.gebrauchstext.de\/es\/contacto\/\">env\u00edenos<\/a> un e-mail, para que le enviemos un presupuesto sin compromiso. <\/p>\n","protected":false},"excerpt":{"rendered":"<p>Su sitio web completo Concebimos y dise\u00f1amos su sitio web. El resultado es no solo una p\u00e1gina web con buenos [&hellip;]<\/p>\n","protected":false},"author":1,"featured_media":0,"parent":0,"menu_order":0,"comment_status":"open","ping_status":"open","template":"","meta":[],"_links":{"self":[{"href":"https:\/\/www.gebrauchstext.de\/es\/wp-json\/wp\/v2\/pages\/59"}],"collection":[{"href":"https:\/\/www.gebrauchstext.de\/es\/wp-json\/wp\/v2\/pages"}],"about":[{"href":"https:\/\/www.gebrauchstext.de\/es\/wp-json\/wp\/v2\/types\/page"}],"author":[{"embeddable":true,"href":"https:\/\/www.gebrauchstext.de\/es\/wp-json\/wp\/v2\/users\/1"}],"replies":[{"embeddable":true,"href":"https:\/\/www.gebrauchstext.de\/es\/wp-json\/wp\/v2\/comments?post=59"}],"version-history":[{"count":11,"href":"https:\/\/www.gebrauchstext.de\/es\/wp-json\/wp\/v2\/pages\/59\/revisions"}],"predecessor-version":[{"id":2927,"href":"https:\/\/www.gebrauchstext.de\/es\/wp-json\/wp\/v2\/pages\/59\/revisions\/2927"}],"wp:attachment":[{"href":"https:\/\/www.gebrauchstext.de\/es\/wp-json\/wp\/v2\/media?parent=59"}],"curies":[{"name":"wp","href":"https:\/\/api.w.org\/{rel}","templated":true}]}}