{"id":67,"date":"2015-03-13T21:20:25","date_gmt":"2015-03-13T20:20:25","guid":{"rendered":"http:\/\/www.gebrauchstext.de\/es\/?page_id=67"},"modified":"2023-01-26T17:00:29","modified_gmt":"2023-01-26T16:00:29","slug":"contacto","status":"publish","type":"page","link":"https:\/\/www.gebrauchstext.de\/es\/contacto\/","title":{"rendered":"Contacto"},"content":{"rendered":"<div class=\"cols-wrapper cols-1\">\n<div class=\"col\">\n<h4>Textos funcionales desde la plaza Arkonaplatz en Berl\u00edn para el mundo entero<\/h4>\n<\/div>\n<\/div>\n<div class=\"cols-wrapper cols-2\">\n<div class=\"col\">\nLa empresa <em>gebrauchstext \u2013 Multinational Text<\/em> se encuentra directamente en la plaza Arkonaplatz en el precioso y c\u00e9ntrico barrio Berlin-Mitte. Desde aqu\u00ed nos comunicamos con el mundo entero. Sus preguntas tendr\u00e1n respuesta, sus deseos se ver\u00e1n cumplidos y obtendr\u00e1 su presupuesto en:\n<\/div>\n<div class=\"col nomargin\">\nTel\u00e9fono: +49-30-28 85 34 06<br \/>\nCorreo electr\u00f3nico: <a href=\"mailto:welcome@gebrauchstext.de\">welcome@gebrauchstext.de<\/a><br \/>\ngebrauchstext \u2013 Rainer Remmel<br \/>\nWolliner Stra\u00dfe 11a, 10435 Berlin, Alemania\n<\/div>\n<\/div>\n","protected":false},"excerpt":{"rendered":"<p>Textos funcionales desde la plaza Arkonaplatz en Berl\u00edn para el mundo entero La empresa gebrauchstext \u2013 Multinational Text se encuentra [&hellip;]<\/p>\n","protected":false},"author":1,"featured_media":0,"parent":0,"menu_order":0,"comment_status":"open","ping_status":"open","template":"template-full-custom.php","meta":[],"_links":{"self":[{"href":"https:\/\/www.gebrauchstext.de\/es\/wp-json\/wp\/v2\/pages\/67"}],"collection":[{"href":"https:\/\/www.gebrauchstext.de\/es\/wp-json\/wp\/v2\/pages"}],"about":[{"href":"https:\/\/www.gebrauchstext.de\/es\/wp-json\/wp\/v2\/types\/page"}],"author":[{"embeddable":true,"href":"https:\/\/www.gebrauchstext.de\/es\/wp-json\/wp\/v2\/users\/1"}],"replies":[{"embeddable":true,"href":"https:\/\/www.gebrauchstext.de\/es\/wp-json\/wp\/v2\/comments?post=67"}],"version-history":[{"count":47,"href":"https:\/\/www.gebrauchstext.de\/es\/wp-json\/wp\/v2\/pages\/67\/revisions"}],"predecessor-version":[{"id":2951,"href":"https:\/\/www.gebrauchstext.de\/es\/wp-json\/wp\/v2\/pages\/67\/revisions\/2951"}],"wp:attachment":[{"href":"https:\/\/www.gebrauchstext.de\/es\/wp-json\/wp\/v2\/media?parent=67"}],"curies":[{"name":"wp","href":"https:\/\/api.w.org\/{rel}","templated":true}]}}