{"id":2631,"date":"2015-04-09T13:08:45","date_gmt":"2015-04-09T11:08:45","guid":{"rendered":"http:\/\/www.gebrauchstext.de\/fr\/?page_id=2631"},"modified":"2023-02-01T16:35:23","modified_gmt":"2023-02-01T15:35:23","slug":"nos-references","status":"publish","type":"page","link":"https:\/\/www.gebrauchstext.de\/fr\/nos-references\/","title":{"rendered":"Nos r\u00e9f\u00e9rences"},"content":{"rendered":"<h1>Des clients qui ont su reconna\u00eetre une \u00e9quipe gagnante<\/h1>\n<p>Vous trouverez ci-dessous un \u00e9chantillon de soci\u00e9t\u00e9s qui appr\u00e9cient d\u00e9j\u00e0 nos services.<br \/>\nPour des raisons de confidentialit\u00e9, nous ne pouvons pas afficher beaucoup d\u2019exemples.<br \/>\n<div class=\"gca-utility vertical-spacer\"><\/div>\n<div class=\"gca-column one-third first\"><h4>Agora Energiewende<\/h4>\n<p>Berlin<br \/><\/div>\n<div class=\"gca-column two-thirds\"><strong>Initiative pour des r\u00e9formes \u00e9nerg\u00e9tiques<\/strong><br \/>\nTraduction d\u2019\u00e9tudes scientifiques<br \/>\n<a href=\"http:\/\/www.agora-energiewende.de\/\" target=\"_blank\" rel=\"noopener\">www.agora-energiewende.de<\/a><br \/><\/div>\n<div class=\"gca-utility vertical-spacer\"><\/div>\n<div class=\"gca-column one-third first\"><h4>Air Berlin PLC &amp;Co Luftverkehrs KG<\/h4>\n<p>Berlin<br \/><\/div>\n<div class=\"gca-column two-thirds\"><strong>Compagnie a\u00e9rienne<\/strong><br \/>\nTraduction de campagnes publicitaires en norv\u00e9gien et en su\u00e9dois<br \/><\/div>\n<div class=\"gca-utility vertical-spacer\"><\/div>\n<div class=\"gca-column one-third first\"><h4>Antenna International<\/h4>\n<p>Berlin<br \/><\/div>\n<div class=\"gca-column two-thirds\"><strong>Circuits audio et multim\u00e9dia<\/strong><br \/>\nAdaptation d\u2019audio-guides de mus\u00e9es<br \/><\/div>\n<div class=\"gca-utility vertical-spacer\"><\/div>\n<div class=\"gca-column one-third first\"><h4>Berlin Verlag<\/h4>\n<p>Berlin<br \/><\/div>\n<div class=\"gca-column two-thirds\"><strong>Maison d\u2019\u00e9dition litt\u00e9raire<\/strong><br \/>\nAdaptation et enregistrements audio de publicit\u00e9s en ligne<br \/>\n<a href=\"http:\/\/www.berlinverlag.de\/\" target=\"_blank\" rel=\"noopener\">www.berlinverlag.de<\/a><\/p>\n<div class=\"cols-wrapper cols-2\">\n<div class=\"col\"><a class=\"lightbox-image\" href=\"https:\/\/www.gebrauchstext.de\/fr\/wp-content\/uploads\/2015\/04\/BerlinVerlag1a.jpg\" data-rel=\"lightbox\"><img decoding=\"async\" loading=\"lazy\" class=\"alignnone wp-image-2758 size-medium\" src=\"https:\/\/www.gebrauchstext.de\/fr\/wp-content\/uploads\/2015\/04\/BerlinVerlag1a-300x155.jpg\" alt=\"\" width=\"300\" height=\"155\" srcset=\"https:\/\/www.gebrauchstext.de\/fr\/wp-content\/uploads\/2015\/04\/BerlinVerlag1a-300x155.jpg 300w, https:\/\/www.gebrauchstext.de\/fr\/wp-content\/uploads\/2015\/04\/BerlinVerlag1a-1024x530.jpg 1024w, https:\/\/www.gebrauchstext.de\/fr\/wp-content\/uploads\/2015\/04\/BerlinVerlag1a.jpg 1787w\" sizes=\"(max-width: 300px) 100vw, 300px\" \/><\/a><\/div>\n<div class=\"col nomargin\"><a class=\"lightbox-image\" href=\"https:\/\/www.gebrauchstext.de\/fr\/wp-content\/uploads\/2015\/04\/BerlinVerlag1b.jpg\" data-rel=\"lightbox\"><img decoding=\"async\" loading=\"lazy\" class=\"alignnone wp-image-2759 size-medium\" src=\"https:\/\/www.gebrauchstext.de\/fr\/wp-content\/uploads\/2015\/04\/BerlinVerlag1b-300x159.jpg\" alt=\"\" width=\"300\" height=\"159\" srcset=\"https:\/\/www.gebrauchstext.de\/fr\/wp-content\/uploads\/2015\/04\/BerlinVerlag1b-300x159.jpg 300w, https:\/\/www.gebrauchstext.de\/fr\/wp-content\/uploads\/2015\/04\/BerlinVerlag1b-1024x542.jpg 1024w, https:\/\/www.gebrauchstext.de\/fr\/wp-content\/uploads\/2015\/04\/BerlinVerlag1b.jpg 1737w\" sizes=\"(max-width: 300px) 100vw, 300px\" \/><\/a><\/div>\n<\/div>\n<div class=\"cols-wrapper cols-2\">\n<div class=\"col\"><a href=\"https:\/\/www.gebrauchstext.de\/fr\/wp-content\/uploads\/2015\/04\/BerlinVerlag2a.jpg\" data-rel=\"lightbox\"><img decoding=\"async\" loading=\"lazy\" class=\"alignnone wp-image-2760 size-medium\" src=\"https:\/\/www.gebrauchstext.de\/fr\/wp-content\/uploads\/2015\/04\/BerlinVerlag2a-300x155.jpg\" alt=\"\" width=\"300\" height=\"155\" srcset=\"https:\/\/www.gebrauchstext.de\/fr\/wp-content\/uploads\/2015\/04\/BerlinVerlag2a-300x155.jpg 300w, https:\/\/www.gebrauchstext.de\/fr\/wp-content\/uploads\/2015\/04\/BerlinVerlag2a-1024x530.jpg 1024w, https:\/\/www.gebrauchstext.de\/fr\/wp-content\/uploads\/2015\/04\/BerlinVerlag2a.jpg 1779w\" sizes=\"(max-width: 300px) 100vw, 300px\" \/><\/a><\/div>\n<div class=\"col nomargin\"><a href=\"https:\/\/www.gebrauchstext.de\/fr\/wp-content\/uploads\/2015\/04\/BerlinVerlag2b.jpg\" data-rel=\"lightbox\"><img decoding=\"async\" loading=\"lazy\" class=\"alignnone wp-image-2761 size-medium\" src=\"https:\/\/www.gebrauchstext.de\/fr\/wp-content\/uploads\/2015\/04\/BerlinVerlag2b-300x154.jpg\" alt=\"\" width=\"300\" height=\"154\" srcset=\"https:\/\/www.gebrauchstext.de\/fr\/wp-content\/uploads\/2015\/04\/BerlinVerlag2b-300x154.jpg 300w, https:\/\/www.gebrauchstext.de\/fr\/wp-content\/uploads\/2015\/04\/BerlinVerlag2b-1024x527.jpg 1024w, https:\/\/www.gebrauchstext.de\/fr\/wp-content\/uploads\/2015\/04\/BerlinVerlag2b.jpg 1767w\" sizes=\"(max-width: 300px) 100vw, 300px\" \/><\/a><\/div>\n<\/div><\/div>\n<div class=\"gca-utility vertical-spacer\"><\/div>\n<div class=\"gca-column one-third first\"><h4>BMW Mini Space<\/h4>\n<p>Munich<br \/><\/div>\n<div class=\"gca-column two-thirds\"><strong>Club en ligne pour propri\u00e9taires et fans de la nouvelle Mini<\/strong><br \/>\nTraduction du site Web en quatre langues<br \/><\/div>\n<div class=\"gca-utility vertical-spacer\"><\/div>\n<div class=\"gca-column one-third first\"><h4>Cantine Delb\u00f2, Castel San Giovanni, Emilia-Romagna<\/h4>\n<p>Italie<br \/><\/div>\n<div class=\"gca-column two-thirds\"><strong>Vignoble<\/strong><br \/>\nAdaptation du site Web<\/p>\n<div class=\"cols-wrapper cols-2\">\n<div class=\"col\"><a href=\"https:\/\/www.gebrauchstext.de\/fr\/wp-content\/uploads\/2015\/05\/Delbo1.jpg\" data-rel=\"lightbox\"><img decoding=\"async\" loading=\"lazy\" class=\"alignnone wp-image-2775 size-medium\" src=\"https:\/\/www.gebrauchstext.de\/fr\/wp-content\/uploads\/2015\/05\/Delbo1-300x275.jpg\" alt=\"\" width=\"300\" height=\"275\" srcset=\"https:\/\/www.gebrauchstext.de\/fr\/wp-content\/uploads\/2015\/05\/Delbo1-300x275.jpg 300w, https:\/\/www.gebrauchstext.de\/fr\/wp-content\/uploads\/2015\/05\/Delbo1.jpg 954w\" sizes=\"(max-width: 300px) 100vw, 300px\" \/><\/a><\/div>\n<div class=\"col nomargin\"><a href=\"https:\/\/www.gebrauchstext.de\/fr\/wp-content\/uploads\/2015\/05\/Delbo2.jpg\" data-rel=\"lightbox\"><img decoding=\"async\" loading=\"lazy\" class=\"alignnone wp-image-2776 size-medium\" src=\"https:\/\/www.gebrauchstext.de\/fr\/wp-content\/uploads\/2015\/05\/Delbo2-300x275.jpg\" alt=\"\" width=\"300\" height=\"275\" srcset=\"https:\/\/www.gebrauchstext.de\/fr\/wp-content\/uploads\/2015\/05\/Delbo2-300x275.jpg 300w, https:\/\/www.gebrauchstext.de\/fr\/wp-content\/uploads\/2015\/05\/Delbo2.jpg 954w\" sizes=\"(max-width: 300px) 100vw, 300px\" \/><\/a><\/div>\n<\/div><\/div>\n<div class=\"gca-utility vertical-spacer\"><\/div>\n<div class=\"gca-column one-third first\"><h4>dirk&amp;philip Kommunikation GmbH<\/h4>\n<p>Berlin<br \/><\/div>\n<div class=\"gca-column two-thirds\"><strong>Agence publicitaire grands m\u00e9dias<\/strong><br \/>\nAdaptation de publicit\u00e9s en sept langues<br \/>\nRelecture allemande et anglaise pour plusieurs clients<br \/><\/div>\n<div class=\"gca-utility vertical-spacer\"><\/div>\n<div class=\"gca-column one-third first\"><h4>DMAX<\/h4>\n<p>Munich<br \/><\/div>\n<div class=\"gca-column two-thirds\"><strong>Cha\u00eene t\u00e9l\u00e9 allemande de divertissement factuel pour hommes<\/strong><br \/>\nDoublures de scripts (anglais-allemand) de docu-soaps<\/p>\n<div class=\"cols-wrapper cols-2\">\n<div class=\"col\"><a href=\"https:\/\/www.gebrauchstext.de\/fr\/wp-content\/uploads\/2015\/04\/DMAX-OH1.jpg\" data-rel=\"lightbox\"><img decoding=\"async\" loading=\"lazy\" class=\"alignnone wp-image-2778 size-medium\" src=\"https:\/\/www.gebrauchstext.de\/fr\/wp-content\/uploads\/2015\/04\/DMAX-OH1-300x168.jpg\" alt=\"\" width=\"300\" height=\"168\" srcset=\"https:\/\/www.gebrauchstext.de\/fr\/wp-content\/uploads\/2015\/04\/DMAX-OH1-300x168.jpg 300w, https:\/\/www.gebrauchstext.de\/fr\/wp-content\/uploads\/2015\/04\/DMAX-OH1-1024x573.jpg 1024w, https:\/\/www.gebrauchstext.de\/fr\/wp-content\/uploads\/2015\/04\/DMAX-OH1.jpg 1662w\" sizes=\"(max-width: 300px) 100vw, 300px\" \/><\/a><\/div>\n<div class=\"col nomargin\"><a href=\"https:\/\/www.gebrauchstext.de\/fr\/wp-content\/uploads\/2015\/04\/DMAX-OH2.jpg\" data-rel=\"lightbox\"><img decoding=\"async\" loading=\"lazy\" class=\"alignnone wp-image-2779 size-medium\" src=\"https:\/\/www.gebrauchstext.de\/fr\/wp-content\/uploads\/2015\/04\/DMAX-OH2-300x168.jpg\" alt=\"\" width=\"300\" height=\"168\" srcset=\"https:\/\/www.gebrauchstext.de\/fr\/wp-content\/uploads\/2015\/04\/DMAX-OH2-300x168.jpg 300w, https:\/\/www.gebrauchstext.de\/fr\/wp-content\/uploads\/2015\/04\/DMAX-OH2-1024x574.jpg 1024w, https:\/\/www.gebrauchstext.de\/fr\/wp-content\/uploads\/2015\/04\/DMAX-OH2.jpg 1654w\" sizes=\"(max-width: 300px) 100vw, 300px\" \/><\/a><\/div>\n<div class=\"bu\"><em>Overhaulin<\/em>\u2019 est une s\u00e9rie t\u00e9l\u00e9vis\u00e9e \u00e0 succ\u00e8s qui suit Chip Foose, un concepteur d\u2019automobiles et son \u00e9quipe dans la r\u00e9novation de vieux v\u00e9hicules\u2026 \u00e0 l\u2019insu de leurs propri\u00e9taires.<\/div>\n<\/div>\n<div class=\"cols-wrapper cols-2\">\n<div class=\"col\"><a href=\"https:\/\/www.gebrauchstext.de\/fr\/wp-content\/uploads\/2015\/04\/DMAX-WD1.jpg\" data-rel=\"lightbox\"><img decoding=\"async\" loading=\"lazy\" class=\"alignnone wp-image-2784 size-full\" src=\"https:\/\/www.gebrauchstext.de\/fr\/wp-content\/uploads\/2015\/04\/DMAX-WD1.jpg\" alt=\"\" width=\"641\" height=\"898\" srcset=\"https:\/\/www.gebrauchstext.de\/fr\/wp-content\/uploads\/2015\/04\/DMAX-WD1.jpg 641w, https:\/\/www.gebrauchstext.de\/fr\/wp-content\/uploads\/2015\/04\/DMAX-WD1-214x300.jpg 214w\" sizes=\"(max-width: 641px) 100vw, 641px\" \/><\/a><\/div>\n<div class=\"col nomargin\"><a href=\"https:\/\/www.gebrauchstext.de\/fr\/wp-content\/uploads\/2015\/04\/DMAX-WD2.jpg\" data-rel=\"lightbox\"><img decoding=\"async\" loading=\"lazy\" class=\"alignnone wp-image-2785 size-medium\" src=\"https:\/\/www.gebrauchstext.de\/fr\/wp-content\/uploads\/2015\/04\/DMAX-WD2-300x167.jpg\" alt=\"\" width=\"300\" height=\"167\" srcset=\"https:\/\/www.gebrauchstext.de\/fr\/wp-content\/uploads\/2015\/04\/DMAX-WD2-300x167.jpg 300w, https:\/\/www.gebrauchstext.de\/fr\/wp-content\/uploads\/2015\/04\/DMAX-WD2-1024x571.jpg 1024w, https:\/\/www.gebrauchstext.de\/fr\/wp-content\/uploads\/2015\/04\/DMAX-WD2.jpg 1661w\" sizes=\"(max-width: 300px) 100vw, 300px\" \/><\/a><\/div>\n<div class=\"bu\">Occasions \u00e0 saisir : Ces experts en voitures d\u2019occasion ach\u00e8tent, r\u00e9novent et vendent des v\u00e9hicules. Une \u00e9mission \u00e0 grand succ\u00e8s : plus de douze s\u00e9ries ont d\u00e9j\u00e0 \u00e9t\u00e9 produites.<\/div>\n<\/div><\/div>\n<div class=\"gca-utility vertical-spacer\"><\/div>\n<div class=\"gca-column one-third first\"><h4>Duo Werbeagentur<\/h4>\n<p>Berlin<\/p>\n<h4><\/div><\/h4>\n<div class=\"gca-column two-thirds\"><strong>Agence publicitaire<\/strong><br \/>\nTraduction, r\u00e9vision et correction de textes divers (allemand, anglais, fran\u00e7ais).<br \/>\n<a href=\"http:\/\/www.duowerbeagentur.de\/\" target=\"_blank\" rel=\"noopener\">www.duowerbeagentur.de<\/a><br \/><\/div>\n<div class=\"gca-utility vertical-spacer\"><\/div>\n<div class=\"gca-column one-third first\"><h4>eBay International<\/h4>\n<p>Berne<\/p>\n<h4><\/div><\/h4>\n<div class=\"gca-column two-thirds\"><strong>Site de ventes aux ench\u00e8res en ligne<\/strong><br \/>\nCommunications internes, projets divers en six langues<br \/><\/div>\n<div class=\"gca-utility vertical-spacer\"><\/div>\n<div class=\"gca-column one-third first\"><p><strong>ENGIE <\/strong><\/p>\n<p>Berlin, Paris, Bruxelles<br \/><\/div>\n<div class=\"gca-column two-thirds\"><strong>Fournisseur d\u2019\u00e9nergie et de services \u00e9nerg\u00e9tiques pour l\u2019Europe enti\u00e8re <\/strong><br \/>\n(Anciennement GDF SUEZ) Adaptation, traduction et relecture de textes pour des brochures, pr\u00e9sentations et pour leur site Web. Traduction du bulletin d\u2019information hebdomadaire destin\u00e9 \u00e0 la client\u00e8le.<br \/>\n<a href=\"https:\/\/www.gdfsuez-energie.de\" target=\"_blank\" rel=\"noopener\">www.gdfsuez-energie.de<\/a><br \/><\/div>\n<div class=\"gca-utility vertical-spacer\"><\/div>\n<div class=\"gca-column one-third first\"><h4>HelloFresh Deutschland SE &amp; Co. KG<\/h4>\n<p>Berlin<br \/><\/div>\n<div class=\"gca-column two-thirds\"><strong>Soci\u00e9t\u00e9 internationale de kits-repas<\/strong><br \/>\nTraduction et r\u00e9vision (allemand et anglais) ; relecture hebdomadaire des recettes (allemand).<br \/>\n<a href=\"http:\/\/www.hellofresh.de\" target=\"_blank\" rel=\"noopener\">www.hellofresh.de<\/a><\/p>\n<div class=\"cols-wrapper cols-2\">\n<div class=\"col\">\n<p><a href=\"https:\/\/www.gebrauchstext.de\/fr\/wp-content\/uploads\/HelloFresh11.jpg\" data-rel=\"lightbox\"><img decoding=\"async\" loading=\"lazy\" class=\"alignnone wp-image-2954 size-full\" src=\"https:\/\/www.gebrauchstext.de\/fr\/wp-content\/uploads\/HelloFresh11.jpg\" alt=\"\" width=\"1001\" height=\"893\" srcset=\"https:\/\/www.gebrauchstext.de\/fr\/wp-content\/uploads\/HelloFresh11.jpg 1001w, https:\/\/www.gebrauchstext.de\/fr\/wp-content\/uploads\/HelloFresh11-300x268.jpg 300w, https:\/\/www.gebrauchstext.de\/fr\/wp-content\/uploads\/HelloFresh11-768x685.jpg 768w\" sizes=\"(max-width: 1001px) 100vw, 1001px\" \/><\/a><\/p>\n<\/div>\n<div class=\"col nomargin\"><\/div>\n<\/div><\/div>\n<div class=\"gca-utility vertical-spacer\"><\/div>\n<div class=\"gca-column one-third first\"><h4>Jack Link\u2019s Europe GmbH<\/h4>\n<p>Berlin<br \/><\/div>\n<div class=\"gca-column two-thirds\"><strong>En-cas \u00e0 base de viande<\/strong><br \/>\nTraductions de textes pour des publicit\u00e9s en ligne<\/p>\n<div class=\"cols-wrapper cols-2\">\n<div class=\"col\">\n<p><a href=\"https:\/\/www.gebrauchstext.de\/fr\/wp-content\/uploads\/2015\/04\/JackLinks1.jpg\" data-rel=\"lightbox\"><img decoding=\"async\" loading=\"lazy\" class=\"alignnone wp-image-2788 size-full\" src=\"https:\/\/www.gebrauchstext.de\/fr\/wp-content\/uploads\/2015\/04\/JackLinks1.jpg\" alt=\"\" width=\"544\" height=\"746\" srcset=\"https:\/\/www.gebrauchstext.de\/fr\/wp-content\/uploads\/2015\/04\/JackLinks1.jpg 544w, https:\/\/www.gebrauchstext.de\/fr\/wp-content\/uploads\/2015\/04\/JackLinks1-219x300.jpg 219w\" sizes=\"(max-width: 544px) 100vw, 544px\" \/><\/a><\/p>\n<\/div>\n<div class=\"col nomargin\">\n<p><a href=\"https:\/\/www.gebrauchstext.de\/fr\/wp-content\/uploads\/2015\/04\/JackLinks2.jpg\" data-rel=\"lightbox\"><img decoding=\"async\" loading=\"lazy\" class=\"alignnone wp-image-2789 size-full\" src=\"https:\/\/www.gebrauchstext.de\/fr\/wp-content\/uploads\/2015\/04\/JackLinks2.jpg\" alt=\"\" width=\"544\" height=\"746\" srcset=\"https:\/\/www.gebrauchstext.de\/fr\/wp-content\/uploads\/2015\/04\/JackLinks2.jpg 544w, https:\/\/www.gebrauchstext.de\/fr\/wp-content\/uploads\/2015\/04\/JackLinks2-219x300.jpg 219w\" sizes=\"(max-width: 544px) 100vw, 544px\" \/><\/a><\/p>\n<\/div>\n<\/div><\/div><div class=\"gca-utility vertical-spacer\"><\/div><div class=\"gca-column one-third first\"><h4>John Stuart Mill Institut<\/h4>\n<p>Heidelberg<br \/><\/div>\n<div class=\"gca-column two-thirds\"><strong>Institut de recherches sur la libert\u00e9 \u00e0 l\u2019universit\u00e9 SRH-Heidelberg<\/strong><br \/>\nTraduction de textes<br \/><\/div>\n<div class=\"gca-utility vertical-spacer\"><\/div>\n<div class=\"gca-column one-third first\"><h4>Lavendelfilm GmbH<\/h4>\n<p>Potsdam<br \/><\/div>\n<div class=\"gca-column two-thirds\"><strong>Soci\u00e9t\u00e9 de post-production audio<\/strong><br \/>\nProduction de scripts de doublage (anglais-allemand) destin\u00e9s \u00e0 des programmes d&#8217;infodivertissement pour les cha\u00eenes de t\u00e9l\u00e9vision Pro7 Maxx, Sixx et Comedy Central, et r\u00e9alisation d&#8217;enregistrements vocaux.<\/p>\n<div class=\"cols-wrapper cols-2\">\n<div class=\"col\">\n<p><a href=\"https:\/\/www.gebrauchstext.de\/fr\/wp-content\/uploads\/Lavendel.jpg\" data-rel=\"lightbox\"><img decoding=\"async\" loading=\"lazy\" class=\"alignnone wp-image-2955 size-full\" src=\"https:\/\/www.gebrauchstext.de\/fr\/wp-content\/uploads\/Lavendel.jpg\" alt=\"\" width=\"639\" height=\"658\" srcset=\"https:\/\/www.gebrauchstext.de\/fr\/wp-content\/uploads\/Lavendel.jpg 639w, https:\/\/www.gebrauchstext.de\/fr\/wp-content\/uploads\/Lavendel-291x300.jpg 291w\" sizes=\"(max-width: 639px) 100vw, 639px\" \/><\/a><\/p>\n<\/div>\n<div class=\"col nomargin\"><\/div>\n<\/div><\/div>\n<div class=\"gca-utility vertical-spacer\"><\/div>\n<div class=\"gca-column one-third first\"><h4>Oakley GmbH<\/h4>\n<p>Z\u00fcrich, Ismaning<br \/><\/div>\n<div class=\"gca-column two-thirds\"><strong>Lunettes et v\u00eatements de sport<\/strong><br \/>\nR\u00e9daction et adaptation de bulletins des clients en quatre langues<br \/>\n<a href=\"http:\/\/de.oakley.com\/\" target=\"_blank\" rel=\"noopener\">http:\/\/de.oakley.com\/ <\/a><\/p>\n<div class=\"cols-wrapper cols-2\">\n<div class=\"col\">\n<p><a href=\"https:\/\/www.gebrauchstext.de\/fr\/wp-content\/uploads\/2015\/04\/Oakley1b.jpg\" data-rel=\"lightbox\"><img decoding=\"async\" loading=\"lazy\" class=\"alignnone wp-image-2792 size-full\" src=\"https:\/\/www.gebrauchstext.de\/fr\/wp-content\/uploads\/2015\/04\/Oakley1b.jpg\" alt=\"\" width=\"648\" height=\"840\" srcset=\"https:\/\/www.gebrauchstext.de\/fr\/wp-content\/uploads\/2015\/04\/Oakley1b.jpg 648w, https:\/\/www.gebrauchstext.de\/fr\/wp-content\/uploads\/2015\/04\/Oakley1b-231x300.jpg 231w\" sizes=\"(max-width: 648px) 100vw, 648px\" \/><\/a><\/p>\n<\/div>\n<div class=\"col nomargin\"><\/div>\n<\/div><\/div><div class=\"gca-utility vertical-spacer\"><\/div><div class=\"gca-column one-third first\"><h4>K\u00f6nigliche Porzellan-Manufaktur Berlin<\/h4><\/div>\n<div class=\"gca-column two-thirds\"><strong>Objets de table et d\u2019art en porcelaine<\/strong><br \/>\nAdaptation et relecture du site Web et de mat\u00e9riel publicitaire<br \/>\n<a href=\"https:\/\/de-de.kpm-berlin.com\" target=\"_blank\" rel=\"noopener\">https:\/\/de-de.kpm-berlin.com<\/a><\/p>\n<div class=\"cols-wrapper cols-2\">\n<div class=\"col\">\n<p><a href=\"https:\/\/www.gebrauchstext.de\/fr\/wp-content\/uploads\/2015\/04\/KPM5.jpg\" data-rel=\"lightbox\"><img decoding=\"async\" loading=\"lazy\" class=\"alignnone wp-image-2793 size-medium\" src=\"https:\/\/www.gebrauchstext.de\/fr\/wp-content\/uploads\/2015\/04\/KPM5-300x212.jpg\" alt=\"\" width=\"300\" height=\"212\" srcset=\"https:\/\/www.gebrauchstext.de\/fr\/wp-content\/uploads\/2015\/04\/KPM5-300x212.jpg 300w, https:\/\/www.gebrauchstext.de\/fr\/wp-content\/uploads\/2015\/04\/KPM5-1024x723.jpg 1024w, https:\/\/www.gebrauchstext.de\/fr\/wp-content\/uploads\/2015\/04\/KPM5.jpg 1419w\" sizes=\"(max-width: 300px) 100vw, 300px\" \/><\/a><\/p>\n<\/div>\n<div class=\"col nomargin\">\n<p><a href=\"https:\/\/www.gebrauchstext.de\/fr\/wp-content\/uploads\/2015\/04\/KPM1.jpg\" data-rel=\"lightbox\"><img decoding=\"async\" loading=\"lazy\" class=\"alignnone wp-image-2794 size-medium\" src=\"https:\/\/www.gebrauchstext.de\/fr\/wp-content\/uploads\/2015\/04\/KPM1-300x212.jpg\" alt=\"\" width=\"300\" height=\"212\" srcset=\"https:\/\/www.gebrauchstext.de\/fr\/wp-content\/uploads\/2015\/04\/KPM1-300x212.jpg 300w, https:\/\/www.gebrauchstext.de\/fr\/wp-content\/uploads\/2015\/04\/KPM1-1024x723.jpg 1024w, https:\/\/www.gebrauchstext.de\/fr\/wp-content\/uploads\/2015\/04\/KPM1.jpg 1419w\" sizes=\"(max-width: 300px) 100vw, 300px\" \/><\/a><\/p>\n<\/div>\n<\/div><\/div><div class=\"gca-utility vertical-spacer\"><\/div><div class=\"gca-column one-third first\"><h4>Kornberger &amp; Partner, Agency for political communication<\/h4>\n<p>Berlin<br \/><\/div>\n<div class=\"gca-column two-thirds\"><strong>Agence de communication politique<\/strong><br \/>\nTraduction de textes<br \/>\n<a href=\"http:\/\/www.kornbergerpartner.com\/kornberger-und-partner-kommunikationsberatung.html\" target=\"_blank\" rel=\"noopener\">www.kornbergerpartner.com<\/a><br \/><\/div>\n<div class=\"gca-utility vertical-spacer\"><\/div>\n<div class=\"gca-column one-third first\"><h4>NBC Universal, Universal City<\/h4>\n<p>Los Angeles, \u00c9tats-Unis<br \/><\/div>\n<div class=\"gca-column two-thirds\"><strong>Longs m\u00e9trages et s\u00e9ries t\u00e9l\u00e9vis\u00e9es<\/strong><br \/>\nTraduction de textes destin\u00e9s au marketing en ligne en Europe, 14 langues<br \/>\n<a href=\"http:\/\/www.nbcuniversal.com\/\" target=\"_blank\" rel=\"noopener\">www.nbcuniversal.com<\/a><\/p><\/div>\n<div class=\"gca-utility vertical-spacer\"><\/div>\n<div class=\"gca-column one-third first\"><h4>Savoir Beds<\/h4>\n<p>London, Berlin, D\u00fcsseldorf<br \/><\/div>\n<div class=\"gca-column two-thirds\"><strong>Fabricant de haute literie<\/strong><br \/>\nAdaptation et relecture de publicit\u00e9s, brochures et du site Web<br \/>\n<a href=\"http:\/\/www.savoirbeds.com\" target=\"_blank\" rel=\"noopener\">www.savoirbeds.com<\/a><br \/>\n<a href=\"https:\/\/www.gebrauchstext.de\/fr\/wp-content\/uploads\/2015\/05\/Savoir3.jpg\" data-rel=\"lightbox\"><img decoding=\"async\" loading=\"lazy\" class=\"alignnone wp-image-2802 size-large\" src=\"https:\/\/www.gebrauchstext.de\/fr\/wp-content\/uploads\/2015\/05\/Savoir3-1024x821.jpg\" alt=\"\" width=\"1024\" height=\"821\" srcset=\"https:\/\/www.gebrauchstext.de\/fr\/wp-content\/uploads\/2015\/05\/Savoir3-1024x821.jpg 1024w, https:\/\/www.gebrauchstext.de\/fr\/wp-content\/uploads\/2015\/05\/Savoir3-300x240.jpg 300w, https:\/\/www.gebrauchstext.de\/fr\/wp-content\/uploads\/2015\/05\/Savoir3.jpg 1839w\" sizes=\"(max-width: 1024px) 100vw, 1024px\" \/><\/a><br \/><\/div><div class=\"gca-utility vertical-spacer\"><\/div>\n<div class=\"gca-column one-third first\"><h4>Senior Experten Service<\/h4>\n<p>Bonn<br \/><\/div>\n<div class=\"gca-column two-thirds\"><strong>Fondation de l&#8217;industrie allemande pour la coop\u00e9ration internationale \u2013 organisation \u00e0 but non lucratif<\/strong><br \/>\nTraductions diverses dans cinq langues.<br \/>\n<a href=\"http:\/\/www.ses-bonn.de\" target=\"_blank\" rel=\"noopener\">www.ses-bonn.de<\/a><\/p><\/div>\n<div class=\"gca-utility vertical-spacer\"><\/div>\n<div class=\"gca-column one-third first\"><h4>SE Tylose<\/h4>\n<p>Wiesbaden<br \/><\/div>\n<div class=\"gca-column two-thirds\"><strong>Producteur de mat\u00e9riaux de construction<\/strong><br \/>\nTraduction du catalogue de produits et du site Web en quatre langues<br \/>\n<a href=\"http:\/\/www.setylose.de\/de\/index.vist\" target=\"_blank\" rel=\"noopener\">www.setylose.de\/de\/index.vist <\/a><\/p><\/div>\n<div class=\"gca-utility vertical-spacer\"><\/div>\n<div class=\"gca-column one-third first\"><h4>SRF, Schweizer Radio und Fernsehen<\/h4>\n<p>Z\u00fcrich<br \/><\/div>\n<div class=\"gca-column two-thirds\"><strong>Soci\u00e9t\u00e9 publique d\u2019audiovisuel, Suisse<\/strong><br \/>\nSous-titrage d\u2019\u00e9pisodes de <em><strong>Top Gear<\/strong><\/em>, la s\u00e9rie t\u00e9l\u00e9vis\u00e9e la plus populaire au monde<\/p><\/div>\n<div class=\"gca-utility vertical-spacer\"><\/div>\n<div class=\"gca-column one-third first\"><h4>Summer GmbH &amp; Co. KG<\/h4>\n<p>Berlin<br \/><\/div>\n<div class=\"gca-column two-thirds\"><strong>Agence de conseil<\/strong><br \/>\nTraductions diverses ; r\u00e9vision et relecture.<br \/>\n<a href=\"https:\/\/summer.co\/en\/home\" target=\"_blank\" rel=\"noopener\">https:\/\/summer\/en.co<\/a><\/p><\/div>\n<div class=\"gca-utility vertical-spacer\"><\/div>\n<div class=\"gca-column one-third first\"><h4>Verimag<\/h4>\n<p>Berlin<br \/><\/div>\n<div class=\"gca-column two-thirds\"><strong>Promoteur et entrepreneur en b\u00e2timents<\/strong><br \/>\nAdaptation du site Web<br \/>\n<a href=\"http:\/\/verimag.de\/startseite\" target=\"_blank\" rel=\"noopener\">http:\/\/verimag.de\/startseite<\/a><\/p><\/div>\n<div class=\"gca-utility vertical-spacer\"><\/div>\n<div class=\"gca-column one-third first\"><h4>WWF Deutschland<\/h4>\n<p>Berlin<br \/><\/div>\n<div class=\"gca-column two-thirds\"><strong>Pr\u00e9servation et protection de l\u2019environnement<\/strong><br \/>\nTraductions d\u2019\u00e9tudes scientifiques et de pr\u00e9sentations sur le r\u00e9chauffement climatique et les r\u00e9formes \u00e9nerg\u00e9tiques<br \/>\n<a href=\"http:\/\/www.wwf.de\" target=\"_blank\" rel=\"noopener\">www.wwf.de<\/a><br \/><\/div>\n<div class=\"gca-utility vertical-spacer\"><\/div>\n","protected":false},"excerpt":{"rendered":"<p>Des clients qui ont su reconna\u00eetre une \u00e9quipe gagnante Vous trouverez ci-dessous un \u00e9chantillon de soci\u00e9t\u00e9s qui appr\u00e9cient d\u00e9j\u00e0 nos [&hellip;]<\/p>\n","protected":false},"author":1,"featured_media":0,"parent":0,"menu_order":0,"comment_status":"open","ping_status":"closed","template":"template-full-custom.php","meta":[],"_links":{"self":[{"href":"https:\/\/www.gebrauchstext.de\/fr\/wp-json\/wp\/v2\/pages\/2631"}],"collection":[{"href":"https:\/\/www.gebrauchstext.de\/fr\/wp-json\/wp\/v2\/pages"}],"about":[{"href":"https:\/\/www.gebrauchstext.de\/fr\/wp-json\/wp\/v2\/types\/page"}],"author":[{"embeddable":true,"href":"https:\/\/www.gebrauchstext.de\/fr\/wp-json\/wp\/v2\/users\/1"}],"replies":[{"embeddable":true,"href":"https:\/\/www.gebrauchstext.de\/fr\/wp-json\/wp\/v2\/comments?post=2631"}],"version-history":[{"count":82,"href":"https:\/\/www.gebrauchstext.de\/fr\/wp-json\/wp\/v2\/pages\/2631\/revisions"}],"predecessor-version":[{"id":2960,"href":"https:\/\/www.gebrauchstext.de\/fr\/wp-json\/wp\/v2\/pages\/2631\/revisions\/2960"}],"wp:attachment":[{"href":"https:\/\/www.gebrauchstext.de\/fr\/wp-json\/wp\/v2\/media?parent=2631"}],"curies":[{"name":"wp","href":"https:\/\/api.w.org\/{rel}","templated":true}]}}