{"id":2693,"date":"2015-04-17T14:40:51","date_gmt":"2015-04-17T12:40:51","guid":{"rendered":"http:\/\/www.gebrauchstext.de\/fr\/?page_id=2693"},"modified":"2015-08-18T15:20:59","modified_gmt":"2015-08-18T13:20:59","slug":"notre-societe","status":"publish","type":"page","link":"https:\/\/www.gebrauchstext.de\/fr\/notre-societe\/","title":{"rendered":"Notre soci\u00e9t\u00e9"},"content":{"rendered":"<h1> Nous savons toujours quoi dire <\/h1>\n<div class=\"cols-wrapper cols-2\">\n<div class=\"col\">\n<p>L\u2019\u00e9quipe de <em>gebrauchstext \u2013 Multinational Text<\/em> en sait long sur les mots, les interpr\u00e9tations et l\u2019impact d\u2019un texte et vous fera profiter de son exp\u00e9rience. Lisez la suite pour savoir comment. Mais d\u2019abord, quelques mots sur notre soci\u00e9t\u00e9.<br \/>\nDepuis 2006, <em>gebrauchstext \u2013 Multinational Text<\/em> aide des soci\u00e9t\u00e9s issues de toutes sortes de secteurs avec toutes sortes de march\u00e9s cibles \u00e0 bien transmettre leurs messages dans d\u2019autres langues. Nous travaillons sur des textes de tous types et de toutes les longueurs\u00a0: slogans, \u00e9tiquetage, bulletins des clients multilingues, manuels et sites entiers, en passant par la traduction d\u2019ouvrages non romanesques et au doublage de sc\u00e9narii pour la t\u00e9l\u00e9vision\u2026 et bien plus encore\u00a0! <\/p>\n<\/div>\n<div class=\"col nomargin\">\n<p>Un texte court vise un impact puissant et devra par cons\u00e9quent \u00eatre soigneusement adapt\u00e9 pour \u00eatre durable \u2013 comme tout ce qui vous repr\u00e9sente. Plus particuli\u00e8rement, nous offrons\u00a0: des services de traduction, d\u2019adaptation, de relecture (de la simple relecture \u00e0 la r\u00e9vision) et de r\u00e9daction. <\/p>\n<p>Que vous souhaitiez montrer votre soci\u00e9t\u00e9 sous son meilleur jour ou pr\u00e9senter votre dernier produit, surtout s\u2019il est question de plusieurs langues \u2013 vous \u00eates au bon endroit. Et si vous nous <a href=\"https:\/\/www.gebrauchstext.de\/fr\/contact\/\">contactiez<\/a> tout de suite\u00a0? Nous serions ravis de vous conseiller et de vous proposer un devis sans obligation.<\/p>\n<\/div>\n<\/div>\n","protected":false},"excerpt":{"rendered":"<p>Nous savons toujours quoi dire L\u2019\u00e9quipe de gebrauchstext \u2013 Multinational Text en sait long sur les mots, les interpr\u00e9tations et [&hellip;]<\/p>\n","protected":false},"author":1,"featured_media":0,"parent":0,"menu_order":0,"comment_status":"open","ping_status":"open","template":"template-full-custom.php","meta":[],"_links":{"self":[{"href":"https:\/\/www.gebrauchstext.de\/fr\/wp-json\/wp\/v2\/pages\/2693"}],"collection":[{"href":"https:\/\/www.gebrauchstext.de\/fr\/wp-json\/wp\/v2\/pages"}],"about":[{"href":"https:\/\/www.gebrauchstext.de\/fr\/wp-json\/wp\/v2\/types\/page"}],"author":[{"embeddable":true,"href":"https:\/\/www.gebrauchstext.de\/fr\/wp-json\/wp\/v2\/users\/1"}],"replies":[{"embeddable":true,"href":"https:\/\/www.gebrauchstext.de\/fr\/wp-json\/wp\/v2\/comments?post=2693"}],"version-history":[{"count":19,"href":"https:\/\/www.gebrauchstext.de\/fr\/wp-json\/wp\/v2\/pages\/2693\/revisions"}],"predecessor-version":[{"id":2909,"href":"https:\/\/www.gebrauchstext.de\/fr\/wp-json\/wp\/v2\/pages\/2693\/revisions\/2909"}],"wp:attachment":[{"href":"https:\/\/www.gebrauchstext.de\/fr\/wp-json\/wp\/v2\/media?parent=2693"}],"curies":[{"name":"wp","href":"https:\/\/api.w.org\/{rel}","templated":true}]}}