{"id":2730,"date":"2015-05-05T14:00:26","date_gmt":"2015-05-05T12:00:26","guid":{"rendered":"http:\/\/www.gebrauchstext.de\/fr\/?page_id=2730"},"modified":"2015-08-18T15:16:16","modified_gmt":"2015-08-18T13:16:16","slug":"gebrauchstext-2","status":"publish","type":"page","link":"https:\/\/www.gebrauchstext.de\/fr\/","title":{"rendered":"gebrauchstext"},"content":{"rendered":"<h1> Missions et activit\u00e9s<\/h1>\n<div class=\"cols-wrapper cols-2\">\n<div class=\"col\"> <em>gebrauchstext<\/em> est sp\u00e9cialis\u00e9e dans la traduction de textes qui ont une mission \u00e0 accomplir, que ce soit \u00e0 des fins informatives ou autres \u2013 le plus souvent commerciales. Quelques exemples de textes qui travaillent dur\u00a0:<\/div>\n<div class=\"col nomargin\">mat\u00e9riel publicitaire, communications institutionnelles, notices d\u2019utilisation, \u0153uvres non romanesques, pr\u00e9sentations. Toute cette gamme de textes peut se commander chez nous.\n<\/div>\n<\/div>\n<div class=\"section-full-width section-light-bg\" style=\"background-color:#f7f7f7;\" id=\"section-1\"><div class=\"section-boxed\" style=\"color:#373737;\"><div class=\"services-wrapper services-icon cols-wrapper cols-4 pexeto-parallax\"><div class=\"services-box col\"><a href=\"https:\/\/www.gebrauchstext.de\/fr\/adaptation-et-traduction\/\"><div class=\"img-container\"><img src=\"https:\/\/www.gebrauchstext.de\/fr\/wp-content\/uploads\/2015\/04\/uebersetzung_icon-130x130.png\" alt=\"Adaptation\/traduction \"\/><\/div><\/a><div class=\"services-content\"><div class=\"sc-wraper\"><h3><a href=\"https:\/\/www.gebrauchstext.de\/fr\/adaptation-et-traduction\/\">Adaptation\/traduction <\/a><\/h3><\/div><\/div><\/div><div class=\"services-box col\"><a href=\"https:\/\/www.gebrauchstext.de\/fr\/redaction\/\"><div class=\"img-container\"><img src=\"https:\/\/www.gebrauchstext.de\/fr\/wp-content\/uploads\/2015\/03\/texte2-130x130.png\" alt=\"R\u00e9daction \"\/><\/div><\/a><div class=\"services-content\"><div class=\"sc-wraper\"><h3><a href=\"https:\/\/www.gebrauchstext.de\/fr\/redaction\/\">R\u00e9daction <\/a><\/h3><\/div><\/div><\/div><div class=\"services-box col\"><a href=\"https:\/\/www.gebrauchstext.de\/fr\/revision-relecture\/\"><div class=\"img-container\"><img src=\"https:\/\/www.gebrauchstext.de\/fr\/wp-content\/uploads\/2015\/04\/lektorat_icon-130x130.png\" alt=\"R\u00e9vision\/Relecture\"\/><\/div><\/a><div class=\"services-content\"><div class=\"sc-wraper\"><h3><a href=\"https:\/\/www.gebrauchstext.de\/fr\/revision-relecture\/\">R\u00e9vision\/Relecture<\/a><\/h3><\/div><\/div><\/div><div class=\"services-box col nomargin\"><a href=\"https:\/\/www.gebrauchstext.de\/fr\/forfaits-tout-compris\/\"><div class=\"img-container\"><img src=\"https:\/\/www.gebrauchstext.de\/fr\/wp-content\/uploads\/2015\/04\/komplett_icon-130x130.png\" alt=\"Forfaits tout compris\"\/><\/div><\/a><div class=\"services-content\"><div class=\"sc-wraper\"><h3><a href=\"https:\/\/www.gebrauchstext.de\/fr\/forfaits-tout-compris\/\">Forfaits tout compris<\/a><\/h3><\/div><\/div><\/div><div class=\"clear\"><\/div><\/div>\n<\/div><\/div>\n","protected":false},"excerpt":{"rendered":"<p>Missions et activit\u00e9s gebrauchstext est sp\u00e9cialis\u00e9e dans la traduction de textes qui ont une mission \u00e0 accomplir, que ce soit [&hellip;]<\/p>\n","protected":false},"author":1,"featured_media":0,"parent":0,"menu_order":0,"comment_status":"open","ping_status":"open","template":"template-full-custom.php","meta":[],"_links":{"self":[{"href":"https:\/\/www.gebrauchstext.de\/fr\/wp-json\/wp\/v2\/pages\/2730"}],"collection":[{"href":"https:\/\/www.gebrauchstext.de\/fr\/wp-json\/wp\/v2\/pages"}],"about":[{"href":"https:\/\/www.gebrauchstext.de\/fr\/wp-json\/wp\/v2\/types\/page"}],"author":[{"embeddable":true,"href":"https:\/\/www.gebrauchstext.de\/fr\/wp-json\/wp\/v2\/users\/1"}],"replies":[{"embeddable":true,"href":"https:\/\/www.gebrauchstext.de\/fr\/wp-json\/wp\/v2\/comments?post=2730"}],"version-history":[{"count":15,"href":"https:\/\/www.gebrauchstext.de\/fr\/wp-json\/wp\/v2\/pages\/2730\/revisions"}],"predecessor-version":[{"id":2906,"href":"https:\/\/www.gebrauchstext.de\/fr\/wp-json\/wp\/v2\/pages\/2730\/revisions\/2906"}],"wp:attachment":[{"href":"https:\/\/www.gebrauchstext.de\/fr\/wp-json\/wp\/v2\/media?parent=2730"}],"curies":[{"name":"wp","href":"https:\/\/api.w.org\/{rel}","templated":true}]}}