{"id":49,"date":"2015-03-13T20:48:05","date_gmt":"2015-03-13T19:48:05","guid":{"rendered":"http:\/\/www.gebrauchstext.de\/fr\/?page_id=49"},"modified":"2015-08-19T14:44:42","modified_gmt":"2015-08-19T12:44:42","slug":"publicite-ecrite","status":"publish","type":"page","link":"https:\/\/www.gebrauchstext.de\/fr\/publicite-ecrite\/","title":{"rendered":"Publicit\u00e9 \u00e9crite"},"content":{"rendered":"<h1>Concevoir. R\u00e9diger. Peaufiner. Mettre en forme. Traduire<\/h1>\n<p>C\u2019est tout ce qu\u2019il faut pour produire une publicit\u00e9 imprim\u00e9e ou toute autre copie. Nous prenons tout en charge pour vous. Dites-nous simplement ce dont vous avez besoin et pourquoi et nous ferons le reste. <\/p>\n<p>Cela dit, l\u2019impact d\u2019un texte sera d\u2019autant plus grand quand sa pr\u00e9sentation est impeccable. C\u2019est pourquoi nous offrons un service complet, du d\u00e9veloppement de concepts \u00e0 la r\u00e9daction, de l\u2019adaptation au design. Faites appel \u00e0 nous en tant que guichet unique pour acc\u00e9l\u00e9rer vos op\u00e9rations et vous faciliter la vie \u2013 le style et l\u2019orthographe seront toujours au rendez-vous.<\/p>\n<p>Pour en savoir plus ou pour un devis, <a href=\"https:\/\/www.gebrauchstext.de\/fr\/contact\/\">contactez-nous<\/a>. <\/p>\n","protected":false},"excerpt":{"rendered":"<p>Concevoir. R\u00e9diger. Peaufiner. Mettre en forme. Traduire C\u2019est tout ce qu\u2019il faut pour produire une publicit\u00e9 imprim\u00e9e ou toute autre [&hellip;]<\/p>\n","protected":false},"author":1,"featured_media":0,"parent":0,"menu_order":0,"comment_status":"open","ping_status":"open","template":"","meta":[],"_links":{"self":[{"href":"https:\/\/www.gebrauchstext.de\/fr\/wp-json\/wp\/v2\/pages\/49"}],"collection":[{"href":"https:\/\/www.gebrauchstext.de\/fr\/wp-json\/wp\/v2\/pages"}],"about":[{"href":"https:\/\/www.gebrauchstext.de\/fr\/wp-json\/wp\/v2\/types\/page"}],"author":[{"embeddable":true,"href":"https:\/\/www.gebrauchstext.de\/fr\/wp-json\/wp\/v2\/users\/1"}],"replies":[{"embeddable":true,"href":"https:\/\/www.gebrauchstext.de\/fr\/wp-json\/wp\/v2\/comments?post=49"}],"version-history":[{"count":7,"href":"https:\/\/www.gebrauchstext.de\/fr\/wp-json\/wp\/v2\/pages\/49\/revisions"}],"predecessor-version":[{"id":2921,"href":"https:\/\/www.gebrauchstext.de\/fr\/wp-json\/wp\/v2\/pages\/49\/revisions\/2921"}],"wp:attachment":[{"href":"https:\/\/www.gebrauchstext.de\/fr\/wp-json\/wp\/v2\/media?parent=49"}],"curies":[{"name":"wp","href":"https:\/\/api.w.org\/{rel}","templated":true}]}}