{"id":54,"date":"2015-03-13T21:01:07","date_gmt":"2015-03-13T20:01:07","guid":{"rendered":"http:\/\/www.gebrauchstext.de\/fr\/?page_id=54"},"modified":"2015-08-19T14:48:51","modified_gmt":"2015-08-19T12:48:51","slug":"forfaits-tout-compris","status":"publish","type":"page","link":"https:\/\/www.gebrauchstext.de\/fr\/forfaits-tout-compris\/","title":{"rendered":"Forfaits tout compris"},"content":{"rendered":"<h1>Nos forfaits <em>gebrauchstext<\/em> tout compris <\/h1>\n<p><em>gebrauchstext<\/em> n\u2019est pas seulement sp\u00e9cialis\u00e9e dans la gestion de projets multinationaux \u2013 nous savons aussi faire plusieurs choses \u00e0 la fois. Si vous souhaitez vous faciliter la vie, laissez-nous d\u00e9velopper un concept, le r\u00e9diger et adapter des textes sur mesure. Que vous planchiez sur un produit ou une brochure de pr\u00e9sentation, un rapport annuel ou un site Web, nous cr\u00e9erons la copie, assurerons que sa forme et son contenu sont corrects et traduirons le tout dans les langues cibles souhait\u00e9es.<\/p>\n<p>Mieux encore, nous nous chargerons m\u00eame du design, car nous employons aussi des graphistes et des concepteurs. Nos forfaits tout-compris <em>gebrauchstext<\/em> sont con\u00e7us avec un seul but : faire en sorte que vous soyez satisfait. Avec nous, vous aurez tous les \u00e9l\u00e9ments pour vous concentrer sur votre travail.<\/p>\n","protected":false},"excerpt":{"rendered":"<p>Nos forfaits gebrauchstext tout compris gebrauchstext n\u2019est pas seulement sp\u00e9cialis\u00e9e dans la gestion de projets multinationaux \u2013 nous savons aussi [&hellip;]<\/p>\n","protected":false},"author":1,"featured_media":0,"parent":0,"menu_order":0,"comment_status":"open","ping_status":"open","template":"","meta":[],"_links":{"self":[{"href":"https:\/\/www.gebrauchstext.de\/fr\/wp-json\/wp\/v2\/pages\/54"}],"collection":[{"href":"https:\/\/www.gebrauchstext.de\/fr\/wp-json\/wp\/v2\/pages"}],"about":[{"href":"https:\/\/www.gebrauchstext.de\/fr\/wp-json\/wp\/v2\/types\/page"}],"author":[{"embeddable":true,"href":"https:\/\/www.gebrauchstext.de\/fr\/wp-json\/wp\/v2\/users\/1"}],"replies":[{"embeddable":true,"href":"https:\/\/www.gebrauchstext.de\/fr\/wp-json\/wp\/v2\/comments?post=54"}],"version-history":[{"count":13,"href":"https:\/\/www.gebrauchstext.de\/fr\/wp-json\/wp\/v2\/pages\/54\/revisions"}],"predecessor-version":[{"id":2924,"href":"https:\/\/www.gebrauchstext.de\/fr\/wp-json\/wp\/v2\/pages\/54\/revisions\/2924"}],"wp:attachment":[{"href":"https:\/\/www.gebrauchstext.de\/fr\/wp-json\/wp\/v2\/media?parent=54"}],"curies":[{"name":"wp","href":"https:\/\/api.w.org\/{rel}","templated":true}]}}