{"id":21,"date":"2015-03-13T18:47:08","date_gmt":"2015-03-13T17:47:08","guid":{"rendered":"http:\/\/www.gebrauchstext.de\/it\/?page_id=21"},"modified":"2015-08-03T12:21:13","modified_gmt":"2015-08-03T10:21:13","slug":"i-servizi","status":"publish","type":"page","link":"https:\/\/www.gebrauchstext.de\/it\/i-servizi\/","title":{"rendered":"I servizi"},"content":{"rendered":"<h1>La comunicazione \u00e8 tutto<\/h1>\n<p>Farsi capire dagli altri \u00e8 un\u2019arte non facile, come possiamo constatare tutti i giorni. E ci\u00f2 che gi\u00e0 \u00e8 difficile nella propria lingua madre non diventa pi\u00f9 semplice passando a una lingua straniera. Ecco perch\u00e9 abbiamo deciso di accompagnare passo passo il vostro messaggio lungo la strada, a volte accidentata, che porta al pubblico di riferimento, facendolo arrivare a destinazione in forma smagliante.<\/p>\n<p><em>gebrauchstext<\/em> vi offre testo in tutte le sue forme: dalla presentazione di un prodotto alla relativa brochure fino alla cura a 360\u00b0 dell\u2019immagine aziendale (sito web, materiale da distribuire, rendiconto di gestione) o alla realizzazione di manuali \u2013 di piccole o grandi dimensioni. Dall\u2019<a href=\"https:\/\/www.gebrauchstext.de\/it\/redazione-editing\/\">editing<\/a> alla <a href=\"https:\/\/www.gebrauchstext.de\/it\/adattamenti-e-traduzioni\/\">traduzione<\/a>. Dalla <a href=\"https:\/\/www.gebrauchstext.de\/it\/composizione-di-testi\/\">composizione di testi<\/a>  alle varie fasi redazionali fino all\u2019<a href=\"https:\/\/www.gebrauchstext.de\/it\/adattamenti-e-traduzioni\/\">adattamento<\/a> e alla localizzazione: noi troviamo sempre le parole giuste.<\/p>\n<p>Se ci inviate un vostro testo, ci occupiamo noi della redazione. Questo lavoro di editing sulla forma e sul contenuto fa s\u00ec che lo stile e la lettera siano sempre adatti tanto al target di pubblico quanto al prodotto, e che le sviste siano fuori discussione. Possiamo infine tradurre il testo definitivo nella lingua del vostro mercato di riferimento.<\/p>\n","protected":false},"excerpt":{"rendered":"<p>La comunicazione \u00e8 tutto Farsi capire dagli altri \u00e8 un\u2019arte non facile, come possiamo constatare tutti i giorni. E ci\u00f2 [&hellip;]<\/p>\n","protected":false},"author":1,"featured_media":0,"parent":0,"menu_order":0,"comment_status":"open","ping_status":"open","template":"","meta":[],"_links":{"self":[{"href":"https:\/\/www.gebrauchstext.de\/it\/wp-json\/wp\/v2\/pages\/21"}],"collection":[{"href":"https:\/\/www.gebrauchstext.de\/it\/wp-json\/wp\/v2\/pages"}],"about":[{"href":"https:\/\/www.gebrauchstext.de\/it\/wp-json\/wp\/v2\/types\/page"}],"author":[{"embeddable":true,"href":"https:\/\/www.gebrauchstext.de\/it\/wp-json\/wp\/v2\/users\/1"}],"replies":[{"embeddable":true,"href":"https:\/\/www.gebrauchstext.de\/it\/wp-json\/wp\/v2\/comments?post=21"}],"version-history":[{"count":14,"href":"https:\/\/www.gebrauchstext.de\/it\/wp-json\/wp\/v2\/pages\/21\/revisions"}],"predecessor-version":[{"id":2874,"href":"https:\/\/www.gebrauchstext.de\/it\/wp-json\/wp\/v2\/pages\/21\/revisions\/2874"}],"wp:attachment":[{"href":"https:\/\/www.gebrauchstext.de\/it\/wp-json\/wp\/v2\/media?parent=21"}],"curies":[{"name":"wp","href":"https:\/\/api.w.org\/{rel}","templated":true}]}}